{"id":5948,"date":"2025-01-29T17:17:36","date_gmt":"2025-01-29T20:17:36","guid":{"rendered":"https:\/\/eduardobellavia.com.ar\/?post_type=product&#038;p=5948"},"modified":"2025-01-29T17:25:01","modified_gmt":"2025-01-29T20:25:01","slug":"soplador-industrial-vc-3-3hp-trifasico","status":"publish","type":"product","link":"https:\/\/eduardobellavia.com.ar\/?product=soplador-industrial-vc-3-3hp-trifasico","title":{"rendered":"Soplador Industrial VC-3  3HP &#8211; Trif\u00e1sico"},"content":{"rendered":"<p>Caracter\u00edsticas T\u00e9cnicas:<\/p>\n<ul>\n<li>Motor: 1 x 3HP &#8211; 2,2 kW<\/li>\n<li>Medidas: Alto: 860 mm, Ancho: 450 mm, Largo: 550 mm.<\/li>\n<li>Caudal: 4 m\u00b3\/min.<\/li>\n<li>Peso: 40 Kg.<\/li>\n<li>Depresi\u00f3n: 2.260 mm. col. agua.<\/li>\n<\/ul>\n","protected":false},"excerpt":{"rendered":"<p>El Soplador Industrial VC\u20133 es un equipo el\u00e9ctrico para secado y escurrimiento de superficies.<\/p>\n","protected":false},"featured_media":5947,"template":"","meta":[],"product_brand":[],"product_cat":[15],"product_tag":[],"class_list":{"0":"post-5948","1":"product","2":"type-product","3":"status-publish","4":"has-post-thumbnail","6":"product_cat-aspiradoras-industriales","8":"first","9":"instock","10":"shipping-taxable","11":"product-type-simple"},"yoast_head":"<!-- This site is optimized with the Yoast SEO plugin v24.4 - https:\/\/yoast.com\/wordpress\/plugins\/seo\/ -->\n<title>Soplador Industrial VC-3 3HP - Trif\u00e1sico - Eduardo Bellavia<\/title>\n<meta name=\"robots\" content=\"index, follow, max-snippet:-1, max-image-preview:large, max-video-preview:-1\" \/>\n<link rel=\"canonical\" href=\"https:\/\/eduardobellavia.com.ar\/?product=soplador-industrial-vc-3-3hp-trifasico\" \/>\n<meta property=\"og:locale\" content=\"es_ES\" \/>\n<meta property=\"og:type\" content=\"article\" \/>\n<meta property=\"og:title\" content=\"Soplador Industrial VC-3 3HP - Trif\u00e1sico - Eduardo Bellavia\" \/>\n<meta property=\"og:description\" content=\"El Soplador Industrial VC\u20133 es un equipo el\u00e9ctrico para secado y escurrimiento de superficies.\" \/>\n<meta property=\"og:url\" content=\"https:\/\/eduardobellavia.com.ar\/?product=soplador-industrial-vc-3-3hp-trifasico\" \/>\n<meta property=\"og:site_name\" content=\"Eduardo Bellavia\" \/>\n<meta property=\"article:publisher\" content=\"https:\/\/www.facebook.com\/eduardobellavia.ar\" \/>\n<meta property=\"article:modified_time\" content=\"2025-01-29T20:25:01+00:00\" \/>\n<meta property=\"og:image\" content=\"https:\/\/eduardobellavia.com.ar\/wp-content\/uploads\/2025\/01\/Soplador_Industrial_VC3-1-scaled.jpg\" \/>\n\t<meta property=\"og:image:width\" content=\"2560\" \/>\n\t<meta property=\"og:image:height\" content=\"2560\" \/>\n\t<meta property=\"og:image:type\" content=\"image\/jpeg\" \/>\n<meta name=\"twitter:card\" content=\"summary_large_image\" \/>\n<script type=\"application\/ld+json\" class=\"yoast-schema-graph\">{\"@context\":\"https:\/\/schema.org\",\"@graph\":[{\"@type\":\"WebPage\",\"@id\":\"https:\/\/eduardobellavia.com.ar\/?product=soplador-industrial-vc-3-3hp-trifasico\",\"url\":\"https:\/\/eduardobellavia.com.ar\/?product=soplador-industrial-vc-3-3hp-trifasico\",\"name\":\"Soplador Industrial VC-3 3HP - Trif\u00e1sico - Eduardo Bellavia\",\"isPartOf\":{\"@id\":\"https:\/\/eduardobellavia.com.ar\/#website\"},\"primaryImageOfPage\":{\"@id\":\"https:\/\/eduardobellavia.com.ar\/?product=soplador-industrial-vc-3-3hp-trifasico#primaryimage\"},\"image\":{\"@id\":\"https:\/\/eduardobellavia.com.ar\/?product=soplador-industrial-vc-3-3hp-trifasico#primaryimage\"},\"thumbnailUrl\":\"https:\/\/eduardobellavia.com.ar\/wp-content\/uploads\/2025\/01\/Soplador_Industrial_VC3-1-scaled.jpg\",\"datePublished\":\"2025-01-29T20:17:36+00:00\",\"dateModified\":\"2025-01-29T20:25:01+00:00\",\"breadcrumb\":{\"@id\":\"https:\/\/eduardobellavia.com.ar\/?product=soplador-industrial-vc-3-3hp-trifasico#breadcrumb\"},\"inLanguage\":\"es-AR\",\"potentialAction\":[{\"@type\":\"ReadAction\",\"target\":[\"https:\/\/eduardobellavia.com.ar\/?product=soplador-industrial-vc-3-3hp-trifasico\"]}]},{\"@type\":\"ImageObject\",\"inLanguage\":\"es-AR\",\"@id\":\"https:\/\/eduardobellavia.com.ar\/?product=soplador-industrial-vc-3-3hp-trifasico#primaryimage\",\"url\":\"https:\/\/eduardobellavia.com.ar\/wp-content\/uploads\/2025\/01\/Soplador_Industrial_VC3-1-scaled.jpg\",\"contentUrl\":\"https:\/\/eduardobellavia.com.ar\/wp-content\/uploads\/2025\/01\/Soplador_Industrial_VC3-1-scaled.jpg\",\"width\":2560,\"height\":2560},{\"@type\":\"BreadcrumbList\",\"@id\":\"https:\/\/eduardobellavia.com.ar\/?product=soplador-industrial-vc-3-3hp-trifasico#breadcrumb\",\"itemListElement\":[{\"@type\":\"ListItem\",\"position\":1,\"name\":\"Inicio\",\"item\":\"https:\/\/eduardobellavia.com.ar\/\"},{\"@type\":\"ListItem\",\"position\":2,\"name\":\"Shop\",\"item\":\"https:\/\/eduardobellavia.com.ar\/?page_id=23\"},{\"@type\":\"ListItem\",\"position\":3,\"name\":\"Soplador Industrial VC-3 3HP &#8211; Trif\u00e1sico\"}]},{\"@type\":\"WebSite\",\"@id\":\"https:\/\/eduardobellavia.com.ar\/#website\",\"url\":\"https:\/\/eduardobellavia.com.ar\/\",\"name\":\"Eduardo Bellavia\",\"description\":\"Equipamiento de Limpieza\",\"publisher\":{\"@id\":\"https:\/\/eduardobellavia.com.ar\/#organization\"},\"potentialAction\":[{\"@type\":\"SearchAction\",\"target\":{\"@type\":\"EntryPoint\",\"urlTemplate\":\"https:\/\/eduardobellavia.com.ar\/?s={search_term_string}\"},\"query-input\":{\"@type\":\"PropertyValueSpecification\",\"valueRequired\":true,\"valueName\":\"search_term_string\"}}],\"inLanguage\":\"es-AR\"},{\"@type\":\"Organization\",\"@id\":\"https:\/\/eduardobellavia.com.ar\/#organization\",\"name\":\"Eduardo Bellavia\",\"url\":\"https:\/\/eduardobellavia.com.ar\/\",\"logo\":{\"@type\":\"ImageObject\",\"inLanguage\":\"es-AR\",\"@id\":\"https:\/\/eduardobellavia.com.ar\/#\/schema\/logo\/image\/\",\"url\":\"https:\/\/eduardobellavia.com.ar\/wp-content\/uploads\/2016\/07\/LogoE.jpg\",\"contentUrl\":\"https:\/\/eduardobellavia.com.ar\/wp-content\/uploads\/2016\/07\/LogoE.jpg\",\"width\":300,\"height\":104,\"caption\":\"Eduardo Bellavia\"},\"image\":{\"@id\":\"https:\/\/eduardobellavia.com.ar\/#\/schema\/logo\/image\/\"},\"sameAs\":[\"https:\/\/www.facebook.com\/eduardobellavia.ar\"]}]}<\/script>\n<!-- \/ Yoast SEO plugin. -->","yoast_head_json":{"title":"Soplador Industrial VC-3 3HP - Trif\u00e1sico - Eduardo Bellavia","robots":{"index":"index","follow":"follow","max-snippet":"max-snippet:-1","max-image-preview":"max-image-preview:large","max-video-preview":"max-video-preview:-1"},"canonical":"https:\/\/eduardobellavia.com.ar\/?product=soplador-industrial-vc-3-3hp-trifasico","og_locale":"es_ES","og_type":"article","og_title":"Soplador Industrial VC-3 3HP - Trif\u00e1sico - Eduardo Bellavia","og_description":"El Soplador Industrial VC\u20133 es un equipo el\u00e9ctrico para secado y escurrimiento de superficies.","og_url":"https:\/\/eduardobellavia.com.ar\/?product=soplador-industrial-vc-3-3hp-trifasico","og_site_name":"Eduardo Bellavia","article_publisher":"https:\/\/www.facebook.com\/eduardobellavia.ar","article_modified_time":"2025-01-29T20:25:01+00:00","og_image":[{"width":2560,"height":2560,"url":"https:\/\/eduardobellavia.com.ar\/wp-content\/uploads\/2025\/01\/Soplador_Industrial_VC3-1-scaled.jpg","type":"image\/jpeg"}],"twitter_card":"summary_large_image","schema":{"@context":"https:\/\/schema.org","@graph":[{"@type":"WebPage","@id":"https:\/\/eduardobellavia.com.ar\/?product=soplador-industrial-vc-3-3hp-trifasico","url":"https:\/\/eduardobellavia.com.ar\/?product=soplador-industrial-vc-3-3hp-trifasico","name":"Soplador Industrial VC-3 3HP - Trif\u00e1sico - Eduardo Bellavia","isPartOf":{"@id":"https:\/\/eduardobellavia.com.ar\/#website"},"primaryImageOfPage":{"@id":"https:\/\/eduardobellavia.com.ar\/?product=soplador-industrial-vc-3-3hp-trifasico#primaryimage"},"image":{"@id":"https:\/\/eduardobellavia.com.ar\/?product=soplador-industrial-vc-3-3hp-trifasico#primaryimage"},"thumbnailUrl":"https:\/\/eduardobellavia.com.ar\/wp-content\/uploads\/2025\/01\/Soplador_Industrial_VC3-1-scaled.jpg","datePublished":"2025-01-29T20:17:36+00:00","dateModified":"2025-01-29T20:25:01+00:00","breadcrumb":{"@id":"https:\/\/eduardobellavia.com.ar\/?product=soplador-industrial-vc-3-3hp-trifasico#breadcrumb"},"inLanguage":"es-AR","potentialAction":[{"@type":"ReadAction","target":["https:\/\/eduardobellavia.com.ar\/?product=soplador-industrial-vc-3-3hp-trifasico"]}]},{"@type":"ImageObject","inLanguage":"es-AR","@id":"https:\/\/eduardobellavia.com.ar\/?product=soplador-industrial-vc-3-3hp-trifasico#primaryimage","url":"https:\/\/eduardobellavia.com.ar\/wp-content\/uploads\/2025\/01\/Soplador_Industrial_VC3-1-scaled.jpg","contentUrl":"https:\/\/eduardobellavia.com.ar\/wp-content\/uploads\/2025\/01\/Soplador_Industrial_VC3-1-scaled.jpg","width":2560,"height":2560},{"@type":"BreadcrumbList","@id":"https:\/\/eduardobellavia.com.ar\/?product=soplador-industrial-vc-3-3hp-trifasico#breadcrumb","itemListElement":[{"@type":"ListItem","position":1,"name":"Inicio","item":"https:\/\/eduardobellavia.com.ar\/"},{"@type":"ListItem","position":2,"name":"Shop","item":"https:\/\/eduardobellavia.com.ar\/?page_id=23"},{"@type":"ListItem","position":3,"name":"Soplador Industrial VC-3 3HP &#8211; Trif\u00e1sico"}]},{"@type":"WebSite","@id":"https:\/\/eduardobellavia.com.ar\/#website","url":"https:\/\/eduardobellavia.com.ar\/","name":"Eduardo Bellavia","description":"Equipamiento de Limpieza","publisher":{"@id":"https:\/\/eduardobellavia.com.ar\/#organization"},"potentialAction":[{"@type":"SearchAction","target":{"@type":"EntryPoint","urlTemplate":"https:\/\/eduardobellavia.com.ar\/?s={search_term_string}"},"query-input":{"@type":"PropertyValueSpecification","valueRequired":true,"valueName":"search_term_string"}}],"inLanguage":"es-AR"},{"@type":"Organization","@id":"https:\/\/eduardobellavia.com.ar\/#organization","name":"Eduardo Bellavia","url":"https:\/\/eduardobellavia.com.ar\/","logo":{"@type":"ImageObject","inLanguage":"es-AR","@id":"https:\/\/eduardobellavia.com.ar\/#\/schema\/logo\/image\/","url":"https:\/\/eduardobellavia.com.ar\/wp-content\/uploads\/2016\/07\/LogoE.jpg","contentUrl":"https:\/\/eduardobellavia.com.ar\/wp-content\/uploads\/2016\/07\/LogoE.jpg","width":300,"height":104,"caption":"Eduardo Bellavia"},"image":{"@id":"https:\/\/eduardobellavia.com.ar\/#\/schema\/logo\/image\/"},"sameAs":["https:\/\/www.facebook.com\/eduardobellavia.ar"]}]}},"_links":{"self":[{"href":"https:\/\/eduardobellavia.com.ar\/index.php?rest_route=\/wp\/v2\/product\/5948","targetHints":{"allow":["GET"]}}],"collection":[{"href":"https:\/\/eduardobellavia.com.ar\/index.php?rest_route=\/wp\/v2\/product"}],"about":[{"href":"https:\/\/eduardobellavia.com.ar\/index.php?rest_route=\/wp\/v2\/types\/product"}],"version-history":[{"count":2,"href":"https:\/\/eduardobellavia.com.ar\/index.php?rest_route=\/wp\/v2\/product\/5948\/revisions"}],"predecessor-version":[{"id":5950,"href":"https:\/\/eduardobellavia.com.ar\/index.php?rest_route=\/wp\/v2\/product\/5948\/revisions\/5950"}],"wp:featuredmedia":[{"embeddable":true,"href":"https:\/\/eduardobellavia.com.ar\/index.php?rest_route=\/wp\/v2\/media\/5947"}],"wp:attachment":[{"href":"https:\/\/eduardobellavia.com.ar\/index.php?rest_route=%2Fwp%2Fv2%2Fmedia&parent=5948"}],"wp:term":[{"taxonomy":"product_brand","embeddable":true,"href":"https:\/\/eduardobellavia.com.ar\/index.php?rest_route=%2Fwp%2Fv2%2Fproduct_brand&post=5948"},{"taxonomy":"product_cat","embeddable":true,"href":"https:\/\/eduardobellavia.com.ar\/index.php?rest_route=%2Fwp%2Fv2%2Fproduct_cat&post=5948"},{"taxonomy":"product_tag","embeddable":true,"href":"https:\/\/eduardobellavia.com.ar\/index.php?rest_route=%2Fwp%2Fv2%2Fproduct_tag&post=5948"}],"curies":[{"name":"wp","href":"https:\/\/api.w.org\/{rel}","templated":true}]}}