{"id":5923,"date":"2025-01-29T15:40:40","date_gmt":"2025-01-29T18:40:40","guid":{"rendered":"https:\/\/eduardobellavia.com.ar\/?post_type=product&#038;p=5923"},"modified":"2025-01-29T17:35:28","modified_gmt":"2025-01-29T20:35:28","slug":"aspiradora-industrial-aspiro-t520-3-hp-trifasica","status":"publish","type":"product","link":"https:\/\/eduardobellavia.com.ar\/?product=aspiradora-industrial-aspiro-t520-3-hp-trifasica","title":{"rendered":"Aspiradora Industrial ASPIRO T520 3 HP &#8211; Trif\u00e1sica"},"content":{"rendered":"<p>Caracteristicas T\u00e9cnicas<\/p>\n<ul>\n<li>Potencia 3 HP Volt 380 V<\/li>\n<li>Capacidad de aspiraci\u00f3n (caudal) 350 m3\/h<\/li>\n<li>Monoturbina (RING BLOWER) 2800 rpm Motor Inducci\u00f3n, acople directo<\/li>\n<li>Tanque de acero INOX de 77 litros de capacidad.<\/li>\n<li>2 ruedas fijas de 250 x 50 mm y una giratoria de 100 mm<\/li>\n<li>5 Metros de manguera de 38 mm de di\u00e1metro, logrando m\u00e1s velocidad y caudal de aire, evitando atascamientos de residuos.<\/li>\n<li>Manguera de 38 mm, permite mayor caudal de aire y velocidad y tambi\u00e9n evita el atascamiento de residuos.<br \/>\nIncluye: Manguera, Ca\u00f1os de extensi\u00f3n, Cepillo de Cerda 400 mm, Cepillo secador 400 mm, Pico chato rinconero y Cepillo plumero<\/li>\n<li>Puede ser utilizada como Sopladora<\/li>\n<li>Dimensiones 610 x 1150 x 940 (anchoxaltoxlargo)<\/li>\n<li>Opcional: Llave de encendido tipo Casetina<\/li>\n<\/ul>\n","protected":false},"excerpt":{"rendered":"<p>Aspiradora dise\u00f1ada para trabajos pesados y de larga duraci\u00f3n. Motor asincr\u00f3nico sin carbones y bajo mantenimiento.<\/p>\n<p>Este equipo aspira s\u00f3lidos y l\u00edquidos. Los modelos Aspiro son m\u00e1quinas silenciosas y resistentes, estudiadas para facilitar al m\u00e1ximo su empleo, brindando excelentes prestaciones de calidad y uso. Est\u00e1 provista con una monoturbina, bomba de vac\u00edo (RINGBLOWER), de esta forma, se evitan correas y poleas que sufren desgaste.<\/p>\n<p>Estas aspiradoras consiguen una gran capacidad de filtraci\u00f3n en un espacio m\u00ednimo, tienen una excelente maniobrabilidad y calidad constructiva. Dep\u00f3sito en acero INOX de aplicaci\u00f3n m\u00e1s higi\u00e9nica y gracias al sistema de enganche es de f\u00e1cil<\/p>\n","protected":false},"featured_media":5915,"template":"","meta":[],"product_brand":[],"product_cat":[15],"product_tag":[],"class_list":{"0":"post-5923","1":"product","2":"type-product","3":"status-publish","4":"has-post-thumbnail","6":"product_cat-aspiradoras-industriales","8":"first","9":"instock","10":"shipping-taxable","11":"product-type-simple"},"yoast_head":"<!-- This site is optimized with the Yoast SEO plugin v24.4 - https:\/\/yoast.com\/wordpress\/plugins\/seo\/ -->\n<title>Aspiradora Industrial ASPIRO T520 3 HP - Trif\u00e1sica - Eduardo Bellavia<\/title>\n<meta name=\"robots\" content=\"index, follow, max-snippet:-1, max-image-preview:large, max-video-preview:-1\" \/>\n<link rel=\"canonical\" href=\"https:\/\/eduardobellavia.com.ar\/?product=aspiradora-industrial-aspiro-t520-3-hp-trifasica\" \/>\n<meta property=\"og:locale\" content=\"es_ES\" \/>\n<meta property=\"og:type\" content=\"article\" \/>\n<meta property=\"og:title\" content=\"Aspiradora Industrial ASPIRO T520 3 HP - Trif\u00e1sica - Eduardo Bellavia\" \/>\n<meta property=\"og:description\" content=\"Aspiradora dise\u00f1ada para trabajos pesados y de larga duraci\u00f3n. Motor asincr\u00f3nico sin carbones y bajo mantenimiento.  Este equipo aspira s\u00f3lidos y l\u00edquidos. Los modelos Aspiro son m\u00e1quinas silenciosas y resistentes, estudiadas para facilitar al m\u00e1ximo su empleo, brindando excelentes prestaciones de calidad y uso. Est\u00e1 provista con una monoturbina, bomba de vac\u00edo (RINGBLOWER), de esta forma, se evitan correas y poleas que sufren desgaste.  Estas aspiradoras consiguen una gran capacidad de filtraci\u00f3n en un espacio m\u00ednimo, tienen una excelente maniobrabilidad y calidad constructiva. Dep\u00f3sito en acero INOX de aplicaci\u00f3n m\u00e1s higi\u00e9nica y gracias al sistema de enganche es de f\u00e1cil\" \/>\n<meta property=\"og:url\" content=\"https:\/\/eduardobellavia.com.ar\/?product=aspiradora-industrial-aspiro-t520-3-hp-trifasica\" \/>\n<meta property=\"og:site_name\" content=\"Eduardo Bellavia\" \/>\n<meta property=\"article:publisher\" content=\"https:\/\/www.facebook.com\/eduardobellavia.ar\" \/>\n<meta property=\"article:modified_time\" content=\"2025-01-29T20:35:28+00:00\" \/>\n<meta property=\"og:image\" content=\"https:\/\/eduardobellavia.com.ar\/wp-content\/uploads\/2025\/01\/Aspiradora_Industrial-ASPIRO_520.jpg\" \/>\n\t<meta property=\"og:image:width\" content=\"1200\" \/>\n\t<meta property=\"og:image:height\" content=\"1200\" \/>\n\t<meta property=\"og:image:type\" content=\"image\/jpeg\" \/>\n<meta name=\"twitter:card\" content=\"summary_large_image\" \/>\n<meta name=\"twitter:label1\" content=\"Tiempo de lectura\" \/>\n\t<meta name=\"twitter:data1\" content=\"1 minuto\" \/>\n<script type=\"application\/ld+json\" class=\"yoast-schema-graph\">{\"@context\":\"https:\/\/schema.org\",\"@graph\":[{\"@type\":\"WebPage\",\"@id\":\"https:\/\/eduardobellavia.com.ar\/?product=aspiradora-industrial-aspiro-t520-3-hp-trifasica\",\"url\":\"https:\/\/eduardobellavia.com.ar\/?product=aspiradora-industrial-aspiro-t520-3-hp-trifasica\",\"name\":\"Aspiradora Industrial ASPIRO T520 3 HP - Trif\u00e1sica - Eduardo Bellavia\",\"isPartOf\":{\"@id\":\"https:\/\/eduardobellavia.com.ar\/#website\"},\"primaryImageOfPage\":{\"@id\":\"https:\/\/eduardobellavia.com.ar\/?product=aspiradora-industrial-aspiro-t520-3-hp-trifasica#primaryimage\"},\"image\":{\"@id\":\"https:\/\/eduardobellavia.com.ar\/?product=aspiradora-industrial-aspiro-t520-3-hp-trifasica#primaryimage\"},\"thumbnailUrl\":\"https:\/\/eduardobellavia.com.ar\/wp-content\/uploads\/2025\/01\/Aspiradora_Industrial-ASPIRO_520.jpg\",\"datePublished\":\"2025-01-29T18:40:40+00:00\",\"dateModified\":\"2025-01-29T20:35:28+00:00\",\"breadcrumb\":{\"@id\":\"https:\/\/eduardobellavia.com.ar\/?product=aspiradora-industrial-aspiro-t520-3-hp-trifasica#breadcrumb\"},\"inLanguage\":\"es-AR\",\"potentialAction\":[{\"@type\":\"ReadAction\",\"target\":[\"https:\/\/eduardobellavia.com.ar\/?product=aspiradora-industrial-aspiro-t520-3-hp-trifasica\"]}]},{\"@type\":\"ImageObject\",\"inLanguage\":\"es-AR\",\"@id\":\"https:\/\/eduardobellavia.com.ar\/?product=aspiradora-industrial-aspiro-t520-3-hp-trifasica#primaryimage\",\"url\":\"https:\/\/eduardobellavia.com.ar\/wp-content\/uploads\/2025\/01\/Aspiradora_Industrial-ASPIRO_520.jpg\",\"contentUrl\":\"https:\/\/eduardobellavia.com.ar\/wp-content\/uploads\/2025\/01\/Aspiradora_Industrial-ASPIRO_520.jpg\",\"width\":1200,\"height\":1200},{\"@type\":\"BreadcrumbList\",\"@id\":\"https:\/\/eduardobellavia.com.ar\/?product=aspiradora-industrial-aspiro-t520-3-hp-trifasica#breadcrumb\",\"itemListElement\":[{\"@type\":\"ListItem\",\"position\":1,\"name\":\"Inicio\",\"item\":\"https:\/\/eduardobellavia.com.ar\/\"},{\"@type\":\"ListItem\",\"position\":2,\"name\":\"Shop\",\"item\":\"https:\/\/eduardobellavia.com.ar\/?page_id=23\"},{\"@type\":\"ListItem\",\"position\":3,\"name\":\"Aspiradora Industrial ASPIRO T520 3 HP &#8211; Trif\u00e1sica\"}]},{\"@type\":\"WebSite\",\"@id\":\"https:\/\/eduardobellavia.com.ar\/#website\",\"url\":\"https:\/\/eduardobellavia.com.ar\/\",\"name\":\"Eduardo Bellavia\",\"description\":\"Equipamiento de Limpieza\",\"publisher\":{\"@id\":\"https:\/\/eduardobellavia.com.ar\/#organization\"},\"potentialAction\":[{\"@type\":\"SearchAction\",\"target\":{\"@type\":\"EntryPoint\",\"urlTemplate\":\"https:\/\/eduardobellavia.com.ar\/?s={search_term_string}\"},\"query-input\":{\"@type\":\"PropertyValueSpecification\",\"valueRequired\":true,\"valueName\":\"search_term_string\"}}],\"inLanguage\":\"es-AR\"},{\"@type\":\"Organization\",\"@id\":\"https:\/\/eduardobellavia.com.ar\/#organization\",\"name\":\"Eduardo Bellavia\",\"url\":\"https:\/\/eduardobellavia.com.ar\/\",\"logo\":{\"@type\":\"ImageObject\",\"inLanguage\":\"es-AR\",\"@id\":\"https:\/\/eduardobellavia.com.ar\/#\/schema\/logo\/image\/\",\"url\":\"https:\/\/eduardobellavia.com.ar\/wp-content\/uploads\/2016\/07\/LogoE.jpg\",\"contentUrl\":\"https:\/\/eduardobellavia.com.ar\/wp-content\/uploads\/2016\/07\/LogoE.jpg\",\"width\":300,\"height\":104,\"caption\":\"Eduardo Bellavia\"},\"image\":{\"@id\":\"https:\/\/eduardobellavia.com.ar\/#\/schema\/logo\/image\/\"},\"sameAs\":[\"https:\/\/www.facebook.com\/eduardobellavia.ar\"]}]}<\/script>\n<!-- \/ Yoast SEO plugin. -->","yoast_head_json":{"title":"Aspiradora Industrial ASPIRO T520 3 HP - Trif\u00e1sica - Eduardo Bellavia","robots":{"index":"index","follow":"follow","max-snippet":"max-snippet:-1","max-image-preview":"max-image-preview:large","max-video-preview":"max-video-preview:-1"},"canonical":"https:\/\/eduardobellavia.com.ar\/?product=aspiradora-industrial-aspiro-t520-3-hp-trifasica","og_locale":"es_ES","og_type":"article","og_title":"Aspiradora Industrial ASPIRO T520 3 HP - Trif\u00e1sica - Eduardo Bellavia","og_description":"Aspiradora dise\u00f1ada para trabajos pesados y de larga duraci\u00f3n. Motor asincr\u00f3nico sin carbones y bajo mantenimiento.  Este equipo aspira s\u00f3lidos y l\u00edquidos. Los modelos Aspiro son m\u00e1quinas silenciosas y resistentes, estudiadas para facilitar al m\u00e1ximo su empleo, brindando excelentes prestaciones de calidad y uso. Est\u00e1 provista con una monoturbina, bomba de vac\u00edo (RINGBLOWER), de esta forma, se evitan correas y poleas que sufren desgaste.  Estas aspiradoras consiguen una gran capacidad de filtraci\u00f3n en un espacio m\u00ednimo, tienen una excelente maniobrabilidad y calidad constructiva. Dep\u00f3sito en acero INOX de aplicaci\u00f3n m\u00e1s higi\u00e9nica y gracias al sistema de enganche es de f\u00e1cil","og_url":"https:\/\/eduardobellavia.com.ar\/?product=aspiradora-industrial-aspiro-t520-3-hp-trifasica","og_site_name":"Eduardo Bellavia","article_publisher":"https:\/\/www.facebook.com\/eduardobellavia.ar","article_modified_time":"2025-01-29T20:35:28+00:00","og_image":[{"width":1200,"height":1200,"url":"https:\/\/eduardobellavia.com.ar\/wp-content\/uploads\/2025\/01\/Aspiradora_Industrial-ASPIRO_520.jpg","type":"image\/jpeg"}],"twitter_card":"summary_large_image","twitter_misc":{"Tiempo de lectura":"1 minuto"},"schema":{"@context":"https:\/\/schema.org","@graph":[{"@type":"WebPage","@id":"https:\/\/eduardobellavia.com.ar\/?product=aspiradora-industrial-aspiro-t520-3-hp-trifasica","url":"https:\/\/eduardobellavia.com.ar\/?product=aspiradora-industrial-aspiro-t520-3-hp-trifasica","name":"Aspiradora Industrial ASPIRO T520 3 HP - Trif\u00e1sica - Eduardo Bellavia","isPartOf":{"@id":"https:\/\/eduardobellavia.com.ar\/#website"},"primaryImageOfPage":{"@id":"https:\/\/eduardobellavia.com.ar\/?product=aspiradora-industrial-aspiro-t520-3-hp-trifasica#primaryimage"},"image":{"@id":"https:\/\/eduardobellavia.com.ar\/?product=aspiradora-industrial-aspiro-t520-3-hp-trifasica#primaryimage"},"thumbnailUrl":"https:\/\/eduardobellavia.com.ar\/wp-content\/uploads\/2025\/01\/Aspiradora_Industrial-ASPIRO_520.jpg","datePublished":"2025-01-29T18:40:40+00:00","dateModified":"2025-01-29T20:35:28+00:00","breadcrumb":{"@id":"https:\/\/eduardobellavia.com.ar\/?product=aspiradora-industrial-aspiro-t520-3-hp-trifasica#breadcrumb"},"inLanguage":"es-AR","potentialAction":[{"@type":"ReadAction","target":["https:\/\/eduardobellavia.com.ar\/?product=aspiradora-industrial-aspiro-t520-3-hp-trifasica"]}]},{"@type":"ImageObject","inLanguage":"es-AR","@id":"https:\/\/eduardobellavia.com.ar\/?product=aspiradora-industrial-aspiro-t520-3-hp-trifasica#primaryimage","url":"https:\/\/eduardobellavia.com.ar\/wp-content\/uploads\/2025\/01\/Aspiradora_Industrial-ASPIRO_520.jpg","contentUrl":"https:\/\/eduardobellavia.com.ar\/wp-content\/uploads\/2025\/01\/Aspiradora_Industrial-ASPIRO_520.jpg","width":1200,"height":1200},{"@type":"BreadcrumbList","@id":"https:\/\/eduardobellavia.com.ar\/?product=aspiradora-industrial-aspiro-t520-3-hp-trifasica#breadcrumb","itemListElement":[{"@type":"ListItem","position":1,"name":"Inicio","item":"https:\/\/eduardobellavia.com.ar\/"},{"@type":"ListItem","position":2,"name":"Shop","item":"https:\/\/eduardobellavia.com.ar\/?page_id=23"},{"@type":"ListItem","position":3,"name":"Aspiradora Industrial ASPIRO T520 3 HP &#8211; Trif\u00e1sica"}]},{"@type":"WebSite","@id":"https:\/\/eduardobellavia.com.ar\/#website","url":"https:\/\/eduardobellavia.com.ar\/","name":"Eduardo Bellavia","description":"Equipamiento de Limpieza","publisher":{"@id":"https:\/\/eduardobellavia.com.ar\/#organization"},"potentialAction":[{"@type":"SearchAction","target":{"@type":"EntryPoint","urlTemplate":"https:\/\/eduardobellavia.com.ar\/?s={search_term_string}"},"query-input":{"@type":"PropertyValueSpecification","valueRequired":true,"valueName":"search_term_string"}}],"inLanguage":"es-AR"},{"@type":"Organization","@id":"https:\/\/eduardobellavia.com.ar\/#organization","name":"Eduardo Bellavia","url":"https:\/\/eduardobellavia.com.ar\/","logo":{"@type":"ImageObject","inLanguage":"es-AR","@id":"https:\/\/eduardobellavia.com.ar\/#\/schema\/logo\/image\/","url":"https:\/\/eduardobellavia.com.ar\/wp-content\/uploads\/2016\/07\/LogoE.jpg","contentUrl":"https:\/\/eduardobellavia.com.ar\/wp-content\/uploads\/2016\/07\/LogoE.jpg","width":300,"height":104,"caption":"Eduardo Bellavia"},"image":{"@id":"https:\/\/eduardobellavia.com.ar\/#\/schema\/logo\/image\/"},"sameAs":["https:\/\/www.facebook.com\/eduardobellavia.ar"]}]}},"_links":{"self":[{"href":"https:\/\/eduardobellavia.com.ar\/index.php?rest_route=\/wp\/v2\/product\/5923","targetHints":{"allow":["GET"]}}],"collection":[{"href":"https:\/\/eduardobellavia.com.ar\/index.php?rest_route=\/wp\/v2\/product"}],"about":[{"href":"https:\/\/eduardobellavia.com.ar\/index.php?rest_route=\/wp\/v2\/types\/product"}],"version-history":[{"count":1,"href":"https:\/\/eduardobellavia.com.ar\/index.php?rest_route=\/wp\/v2\/product\/5923\/revisions"}],"predecessor-version":[{"id":5924,"href":"https:\/\/eduardobellavia.com.ar\/index.php?rest_route=\/wp\/v2\/product\/5923\/revisions\/5924"}],"wp:featuredmedia":[{"embeddable":true,"href":"https:\/\/eduardobellavia.com.ar\/index.php?rest_route=\/wp\/v2\/media\/5915"}],"wp:attachment":[{"href":"https:\/\/eduardobellavia.com.ar\/index.php?rest_route=%2Fwp%2Fv2%2Fmedia&parent=5923"}],"wp:term":[{"taxonomy":"product_brand","embeddable":true,"href":"https:\/\/eduardobellavia.com.ar\/index.php?rest_route=%2Fwp%2Fv2%2Fproduct_brand&post=5923"},{"taxonomy":"product_cat","embeddable":true,"href":"https:\/\/eduardobellavia.com.ar\/index.php?rest_route=%2Fwp%2Fv2%2Fproduct_cat&post=5923"},{"taxonomy":"product_tag","embeddable":true,"href":"https:\/\/eduardobellavia.com.ar\/index.php?rest_route=%2Fwp%2Fv2%2Fproduct_tag&post=5923"}],"curies":[{"name":"wp","href":"https:\/\/api.w.org\/{rel}","templated":true}]}}