{"id":5887,"date":"2025-01-28T15:51:04","date_gmt":"2025-01-28T18:51:04","guid":{"rendered":"https:\/\/eduardobellavia.com.ar\/?post_type=product&#038;p=5887"},"modified":"2025-01-29T17:34:18","modified_gmt":"2025-01-29T20:34:18","slug":"lavasecadora-de-pisos-hidro-530b-baterias","status":"publish","type":"product","link":"https:\/\/eduardobellavia.com.ar\/?product=lavasecadora-de-pisos-hidro-530b-baterias","title":{"rendered":"LavaSecadora de Pisos HIDRO 530B (Bater\u00eda)"},"content":{"rendered":"<p><strong>Caracterisitcas:<\/strong><\/p>\n<p>Ancho de Limpieza 530 mm<br \/>\nProductividad 2800 m2\/h<br \/>\nTanque soluci\u00f3n 50 Litros<br \/>\nTanque recuperaci\u00f3n 55 Litros<br \/>\nPeso Neto 170 Kg<br \/>\nPresi\u00f3n de Cepillo 30-35 Kg<br \/>\nAncho de Secado 830 mm<br \/>\nMotor Cepillo 24V\/500W<br \/>\nMotor Aspirado 24V\/400W<br \/>\nDimensiones 1300x830x1050 mm<\/p>\n","protected":false},"excerpt":{"rendered":"<p>HIDRO 530B es una LavaSecadora autom\u00e1tica a bater\u00eda ergonom\u00edca, robusta y duradera. Tiene un dise\u00f1o compacto y robusto ideal para la limpieza de todo tipo de suelos que requieran un trabajo duro de limpieza.<br \/>\nLas LavaSecadoras operador caminando ofrece a los usuarios soluciones profesionales para la limpieza de piso.<br \/>\nAdecuada para limpiar pisos de cemento, m\u00e1rmol, epoxi, baldosas, etc.<br \/>\nEs ampliamente utilizada en \u00e1reas de talleres, aeropuertos, escuelas, supermercados, hospitales, empresas, shoppings y centros log\u00edsticos.<\/p>\n","protected":false},"featured_media":5890,"template":"","meta":[],"product_brand":[],"product_cat":[12],"product_tag":[],"class_list":{"0":"post-5887","1":"product","2":"type-product","3":"status-publish","4":"has-post-thumbnail","6":"product_cat-lavasecadoras-de-pisos-barredoras","8":"first","9":"instock","10":"shipping-taxable","11":"product-type-simple"},"yoast_head":"<!-- This site is optimized with the Yoast SEO plugin v24.4 - https:\/\/yoast.com\/wordpress\/plugins\/seo\/ -->\n<title>LavaSecadora de Pisos HIDRO 530B (Bater\u00eda) - Eduardo Bellavia<\/title>\n<meta name=\"robots\" content=\"index, follow, max-snippet:-1, max-image-preview:large, max-video-preview:-1\" \/>\n<link rel=\"canonical\" href=\"https:\/\/eduardobellavia.com.ar\/?product=lavasecadora-de-pisos-hidro-530b-baterias\" \/>\n<meta property=\"og:locale\" content=\"es_ES\" \/>\n<meta property=\"og:type\" content=\"article\" \/>\n<meta property=\"og:title\" content=\"LavaSecadora de Pisos HIDRO 530B (Bater\u00eda) - Eduardo Bellavia\" \/>\n<meta property=\"og:description\" content=\"HIDRO 530B es una LavaSecadora autom\u00e1tica a bater\u00eda ergonom\u00edca, robusta y duradera. Tiene un dise\u00f1o compacto y robusto ideal para la limpieza de todo tipo de suelos que requieran un trabajo duro de limpieza. Las LavaSecadoras operador caminando ofrece a los usuarios soluciones profesionales para la limpieza de piso. Adecuada para limpiar pisos de cemento, m\u00e1rmol, epoxi, baldosas, etc. Es ampliamente utilizada en \u00e1reas de talleres, aeropuertos, escuelas, supermercados, hospitales, empresas, shoppings y centros log\u00edsticos.\" \/>\n<meta property=\"og:url\" content=\"https:\/\/eduardobellavia.com.ar\/?product=lavasecadora-de-pisos-hidro-530b-baterias\" \/>\n<meta property=\"og:site_name\" content=\"Eduardo Bellavia\" \/>\n<meta property=\"article:publisher\" content=\"https:\/\/www.facebook.com\/eduardobellavia.ar\" \/>\n<meta property=\"article:modified_time\" content=\"2025-01-29T20:34:18+00:00\" \/>\n<meta property=\"og:image\" content=\"https:\/\/eduardobellavia.com.ar\/wp-content\/uploads\/2025\/01\/hidro530b-1.jpg\" \/>\n\t<meta property=\"og:image:width\" content=\"1200\" \/>\n\t<meta property=\"og:image:height\" content=\"1200\" \/>\n\t<meta property=\"og:image:type\" content=\"image\/jpeg\" \/>\n<meta name=\"twitter:card\" content=\"summary_large_image\" \/>\n<script type=\"application\/ld+json\" class=\"yoast-schema-graph\">{\"@context\":\"https:\/\/schema.org\",\"@graph\":[{\"@type\":\"WebPage\",\"@id\":\"https:\/\/eduardobellavia.com.ar\/?product=lavasecadora-de-pisos-hidro-530b-baterias\",\"url\":\"https:\/\/eduardobellavia.com.ar\/?product=lavasecadora-de-pisos-hidro-530b-baterias\",\"name\":\"LavaSecadora de Pisos HIDRO 530B (Bater\u00eda) - Eduardo Bellavia\",\"isPartOf\":{\"@id\":\"https:\/\/eduardobellavia.com.ar\/#website\"},\"primaryImageOfPage\":{\"@id\":\"https:\/\/eduardobellavia.com.ar\/?product=lavasecadora-de-pisos-hidro-530b-baterias#primaryimage\"},\"image\":{\"@id\":\"https:\/\/eduardobellavia.com.ar\/?product=lavasecadora-de-pisos-hidro-530b-baterias#primaryimage\"},\"thumbnailUrl\":\"https:\/\/eduardobellavia.com.ar\/wp-content\/uploads\/2025\/01\/hidro530b-1.jpg\",\"datePublished\":\"2025-01-28T18:51:04+00:00\",\"dateModified\":\"2025-01-29T20:34:18+00:00\",\"breadcrumb\":{\"@id\":\"https:\/\/eduardobellavia.com.ar\/?product=lavasecadora-de-pisos-hidro-530b-baterias#breadcrumb\"},\"inLanguage\":\"es-AR\",\"potentialAction\":[{\"@type\":\"ReadAction\",\"target\":[\"https:\/\/eduardobellavia.com.ar\/?product=lavasecadora-de-pisos-hidro-530b-baterias\"]}]},{\"@type\":\"ImageObject\",\"inLanguage\":\"es-AR\",\"@id\":\"https:\/\/eduardobellavia.com.ar\/?product=lavasecadora-de-pisos-hidro-530b-baterias#primaryimage\",\"url\":\"https:\/\/eduardobellavia.com.ar\/wp-content\/uploads\/2025\/01\/hidro530b-1.jpg\",\"contentUrl\":\"https:\/\/eduardobellavia.com.ar\/wp-content\/uploads\/2025\/01\/hidro530b-1.jpg\",\"width\":1200,\"height\":1200},{\"@type\":\"BreadcrumbList\",\"@id\":\"https:\/\/eduardobellavia.com.ar\/?product=lavasecadora-de-pisos-hidro-530b-baterias#breadcrumb\",\"itemListElement\":[{\"@type\":\"ListItem\",\"position\":1,\"name\":\"Inicio\",\"item\":\"https:\/\/eduardobellavia.com.ar\/\"},{\"@type\":\"ListItem\",\"position\":2,\"name\":\"Shop\",\"item\":\"https:\/\/eduardobellavia.com.ar\/?page_id=23\"},{\"@type\":\"ListItem\",\"position\":3,\"name\":\"LavaSecadora de Pisos HIDRO 530B (Bater\u00eda)\"}]},{\"@type\":\"WebSite\",\"@id\":\"https:\/\/eduardobellavia.com.ar\/#website\",\"url\":\"https:\/\/eduardobellavia.com.ar\/\",\"name\":\"Eduardo Bellavia\",\"description\":\"Equipamiento de Limpieza\",\"publisher\":{\"@id\":\"https:\/\/eduardobellavia.com.ar\/#organization\"},\"potentialAction\":[{\"@type\":\"SearchAction\",\"target\":{\"@type\":\"EntryPoint\",\"urlTemplate\":\"https:\/\/eduardobellavia.com.ar\/?s={search_term_string}\"},\"query-input\":{\"@type\":\"PropertyValueSpecification\",\"valueRequired\":true,\"valueName\":\"search_term_string\"}}],\"inLanguage\":\"es-AR\"},{\"@type\":\"Organization\",\"@id\":\"https:\/\/eduardobellavia.com.ar\/#organization\",\"name\":\"Eduardo Bellavia\",\"url\":\"https:\/\/eduardobellavia.com.ar\/\",\"logo\":{\"@type\":\"ImageObject\",\"inLanguage\":\"es-AR\",\"@id\":\"https:\/\/eduardobellavia.com.ar\/#\/schema\/logo\/image\/\",\"url\":\"https:\/\/eduardobellavia.com.ar\/wp-content\/uploads\/2016\/07\/LogoE.jpg\",\"contentUrl\":\"https:\/\/eduardobellavia.com.ar\/wp-content\/uploads\/2016\/07\/LogoE.jpg\",\"width\":300,\"height\":104,\"caption\":\"Eduardo Bellavia\"},\"image\":{\"@id\":\"https:\/\/eduardobellavia.com.ar\/#\/schema\/logo\/image\/\"},\"sameAs\":[\"https:\/\/www.facebook.com\/eduardobellavia.ar\"]}]}<\/script>\n<!-- \/ Yoast SEO plugin. -->","yoast_head_json":{"title":"LavaSecadora de Pisos HIDRO 530B (Bater\u00eda) - Eduardo Bellavia","robots":{"index":"index","follow":"follow","max-snippet":"max-snippet:-1","max-image-preview":"max-image-preview:large","max-video-preview":"max-video-preview:-1"},"canonical":"https:\/\/eduardobellavia.com.ar\/?product=lavasecadora-de-pisos-hidro-530b-baterias","og_locale":"es_ES","og_type":"article","og_title":"LavaSecadora de Pisos HIDRO 530B (Bater\u00eda) - Eduardo Bellavia","og_description":"HIDRO 530B es una LavaSecadora autom\u00e1tica a bater\u00eda ergonom\u00edca, robusta y duradera. Tiene un dise\u00f1o compacto y robusto ideal para la limpieza de todo tipo de suelos que requieran un trabajo duro de limpieza. Las LavaSecadoras operador caminando ofrece a los usuarios soluciones profesionales para la limpieza de piso. Adecuada para limpiar pisos de cemento, m\u00e1rmol, epoxi, baldosas, etc. Es ampliamente utilizada en \u00e1reas de talleres, aeropuertos, escuelas, supermercados, hospitales, empresas, shoppings y centros log\u00edsticos.","og_url":"https:\/\/eduardobellavia.com.ar\/?product=lavasecadora-de-pisos-hidro-530b-baterias","og_site_name":"Eduardo Bellavia","article_publisher":"https:\/\/www.facebook.com\/eduardobellavia.ar","article_modified_time":"2025-01-29T20:34:18+00:00","og_image":[{"width":1200,"height":1200,"url":"https:\/\/eduardobellavia.com.ar\/wp-content\/uploads\/2025\/01\/hidro530b-1.jpg","type":"image\/jpeg"}],"twitter_card":"summary_large_image","schema":{"@context":"https:\/\/schema.org","@graph":[{"@type":"WebPage","@id":"https:\/\/eduardobellavia.com.ar\/?product=lavasecadora-de-pisos-hidro-530b-baterias","url":"https:\/\/eduardobellavia.com.ar\/?product=lavasecadora-de-pisos-hidro-530b-baterias","name":"LavaSecadora de Pisos HIDRO 530B (Bater\u00eda) - Eduardo Bellavia","isPartOf":{"@id":"https:\/\/eduardobellavia.com.ar\/#website"},"primaryImageOfPage":{"@id":"https:\/\/eduardobellavia.com.ar\/?product=lavasecadora-de-pisos-hidro-530b-baterias#primaryimage"},"image":{"@id":"https:\/\/eduardobellavia.com.ar\/?product=lavasecadora-de-pisos-hidro-530b-baterias#primaryimage"},"thumbnailUrl":"https:\/\/eduardobellavia.com.ar\/wp-content\/uploads\/2025\/01\/hidro530b-1.jpg","datePublished":"2025-01-28T18:51:04+00:00","dateModified":"2025-01-29T20:34:18+00:00","breadcrumb":{"@id":"https:\/\/eduardobellavia.com.ar\/?product=lavasecadora-de-pisos-hidro-530b-baterias#breadcrumb"},"inLanguage":"es-AR","potentialAction":[{"@type":"ReadAction","target":["https:\/\/eduardobellavia.com.ar\/?product=lavasecadora-de-pisos-hidro-530b-baterias"]}]},{"@type":"ImageObject","inLanguage":"es-AR","@id":"https:\/\/eduardobellavia.com.ar\/?product=lavasecadora-de-pisos-hidro-530b-baterias#primaryimage","url":"https:\/\/eduardobellavia.com.ar\/wp-content\/uploads\/2025\/01\/hidro530b-1.jpg","contentUrl":"https:\/\/eduardobellavia.com.ar\/wp-content\/uploads\/2025\/01\/hidro530b-1.jpg","width":1200,"height":1200},{"@type":"BreadcrumbList","@id":"https:\/\/eduardobellavia.com.ar\/?product=lavasecadora-de-pisos-hidro-530b-baterias#breadcrumb","itemListElement":[{"@type":"ListItem","position":1,"name":"Inicio","item":"https:\/\/eduardobellavia.com.ar\/"},{"@type":"ListItem","position":2,"name":"Shop","item":"https:\/\/eduardobellavia.com.ar\/?page_id=23"},{"@type":"ListItem","position":3,"name":"LavaSecadora de Pisos HIDRO 530B (Bater\u00eda)"}]},{"@type":"WebSite","@id":"https:\/\/eduardobellavia.com.ar\/#website","url":"https:\/\/eduardobellavia.com.ar\/","name":"Eduardo Bellavia","description":"Equipamiento de Limpieza","publisher":{"@id":"https:\/\/eduardobellavia.com.ar\/#organization"},"potentialAction":[{"@type":"SearchAction","target":{"@type":"EntryPoint","urlTemplate":"https:\/\/eduardobellavia.com.ar\/?s={search_term_string}"},"query-input":{"@type":"PropertyValueSpecification","valueRequired":true,"valueName":"search_term_string"}}],"inLanguage":"es-AR"},{"@type":"Organization","@id":"https:\/\/eduardobellavia.com.ar\/#organization","name":"Eduardo Bellavia","url":"https:\/\/eduardobellavia.com.ar\/","logo":{"@type":"ImageObject","inLanguage":"es-AR","@id":"https:\/\/eduardobellavia.com.ar\/#\/schema\/logo\/image\/","url":"https:\/\/eduardobellavia.com.ar\/wp-content\/uploads\/2016\/07\/LogoE.jpg","contentUrl":"https:\/\/eduardobellavia.com.ar\/wp-content\/uploads\/2016\/07\/LogoE.jpg","width":300,"height":104,"caption":"Eduardo Bellavia"},"image":{"@id":"https:\/\/eduardobellavia.com.ar\/#\/schema\/logo\/image\/"},"sameAs":["https:\/\/www.facebook.com\/eduardobellavia.ar"]}]}},"_links":{"self":[{"href":"https:\/\/eduardobellavia.com.ar\/index.php?rest_route=\/wp\/v2\/product\/5887","targetHints":{"allow":["GET"]}}],"collection":[{"href":"https:\/\/eduardobellavia.com.ar\/index.php?rest_route=\/wp\/v2\/product"}],"about":[{"href":"https:\/\/eduardobellavia.com.ar\/index.php?rest_route=\/wp\/v2\/types\/product"}],"version-history":[{"count":2,"href":"https:\/\/eduardobellavia.com.ar\/index.php?rest_route=\/wp\/v2\/product\/5887\/revisions"}],"predecessor-version":[{"id":5891,"href":"https:\/\/eduardobellavia.com.ar\/index.php?rest_route=\/wp\/v2\/product\/5887\/revisions\/5891"}],"wp:featuredmedia":[{"embeddable":true,"href":"https:\/\/eduardobellavia.com.ar\/index.php?rest_route=\/wp\/v2\/media\/5890"}],"wp:attachment":[{"href":"https:\/\/eduardobellavia.com.ar\/index.php?rest_route=%2Fwp%2Fv2%2Fmedia&parent=5887"}],"wp:term":[{"taxonomy":"product_brand","embeddable":true,"href":"https:\/\/eduardobellavia.com.ar\/index.php?rest_route=%2Fwp%2Fv2%2Fproduct_brand&post=5887"},{"taxonomy":"product_cat","embeddable":true,"href":"https:\/\/eduardobellavia.com.ar\/index.php?rest_route=%2Fwp%2Fv2%2Fproduct_cat&post=5887"},{"taxonomy":"product_tag","embeddable":true,"href":"https:\/\/eduardobellavia.com.ar\/index.php?rest_route=%2Fwp%2Fv2%2Fproduct_tag&post=5887"}],"curies":[{"name":"wp","href":"https:\/\/api.w.org\/{rel}","templated":true}]}}