{"id":4969,"date":"2020-10-20T14:54:57","date_gmt":"2020-10-20T17:54:57","guid":{"rendered":"http:\/\/eduardobellavia.com.ar\/?post_type=product&#038;p=4969"},"modified":"2025-02-11T15:08:15","modified_gmt":"2025-02-11T18:08:15","slug":"lavadora-soteco-lava-250","status":"publish","type":"product","link":"https:\/\/eduardobellavia.com.ar\/?product=lavadora-soteco-lava-250","title":{"rendered":"Lavadora de Tapizados Lava 250"},"content":{"rendered":"<p><strong>Caracter\u00edsticas T\u00e9cnicas<\/strong><\/p>\n<p>Motor: 1200 w<\/p>\n<p>Succi\u00f3n cerrada: 2300 mm3 columna al agua<\/p>\n<p>Caudal: 2.7\u00a0m3\/m<\/p>\n<p>Tanque de recolecci\u00f3n: 26\u00a0lts<\/p>\n<p>Bomba: 2\u00a0bar \/ 48w<\/p>\n<p>Tanque de soluci\u00f3n: 6\u00a0lts \/\u00a0interno<\/p>\n<p>Cable: 10 mt<\/p>\n<p>Voltaje: 220 v<\/p>\n<p>Unicamente con manopla para tapizados<\/p>\n","protected":false},"excerpt":{"rendered":"<p>Lavadora de tapizados de sistema inyecci\u00f3n-extracci\u00f3n. Cuenta con 1 motor a carbones para aspiraci\u00f3n, 1 bomba el\u00e9ctrica para inyecci\u00f3n, tanque de recolecci\u00f3n y tanque de soluci\u00f3n interno de pl\u00e1stico. Para lavado de todo tipo tapizados de autos, sillas, sillones, etc.<\/p>\n","protected":false},"featured_media":5836,"template":"elementor_theme","meta":[],"product_brand":[],"product_cat":[61],"product_tag":[],"class_list":{"0":"post-4969","1":"product","2":"type-product","3":"status-publish","4":"has-post-thumbnail","6":"product_cat-lavadoras-alfombras-secadoras","8":"first","9":"instock","10":"shipping-taxable","11":"product-type-simple"},"yoast_head":"<!-- This site is optimized with the Yoast SEO plugin v24.4 - https:\/\/yoast.com\/wordpress\/plugins\/seo\/ -->\n<title>Lavadora de Tapizados Lava 250 - Eduardo Bellavia<\/title>\n<meta name=\"robots\" content=\"index, follow, max-snippet:-1, max-image-preview:large, max-video-preview:-1\" \/>\n<link rel=\"canonical\" href=\"https:\/\/eduardobellavia.com.ar\/?product=lavadora-soteco-lava-250\" \/>\n<meta property=\"og:locale\" content=\"es_ES\" \/>\n<meta property=\"og:type\" content=\"article\" \/>\n<meta property=\"og:title\" content=\"Lavadora de Tapizados Lava 250 - Eduardo Bellavia\" \/>\n<meta property=\"og:description\" content=\"Lavadora de tapizados de sistema inyecci\u00f3n-extracci\u00f3n. Cuenta con 1 motor a carbones para aspiraci\u00f3n, 1 bomba el\u00e9ctrica para inyecci\u00f3n, tanque de recolecci\u00f3n y tanque de soluci\u00f3n interno de pl\u00e1stico. Para lavado de todo tipo tapizados de autos, sillas, sillones, etc.\" \/>\n<meta property=\"og:url\" content=\"https:\/\/eduardobellavia.com.ar\/?product=lavadora-soteco-lava-250\" \/>\n<meta property=\"og:site_name\" content=\"Eduardo Bellavia\" \/>\n<meta property=\"article:publisher\" content=\"https:\/\/www.facebook.com\/eduardobellavia.ar\" \/>\n<meta property=\"article:modified_time\" content=\"2025-02-11T18:08:15+00:00\" \/>\n<meta property=\"og:image\" content=\"https:\/\/eduardobellavia.com.ar\/wp-content\/uploads\/2020\/10\/Lavadora_Tapizados_Lava_250.jpg\" \/>\n\t<meta property=\"og:image:width\" content=\"1024\" \/>\n\t<meta property=\"og:image:height\" content=\"1024\" \/>\n\t<meta property=\"og:image:type\" content=\"image\/jpeg\" \/>\n<meta name=\"twitter:card\" content=\"summary_large_image\" \/>\n<meta name=\"twitter:label1\" content=\"Tiempo de lectura\" \/>\n\t<meta name=\"twitter:data1\" content=\"1 minuto\" \/>\n<script type=\"application\/ld+json\" class=\"yoast-schema-graph\">{\"@context\":\"https:\/\/schema.org\",\"@graph\":[{\"@type\":\"WebPage\",\"@id\":\"https:\/\/eduardobellavia.com.ar\/?product=lavadora-soteco-lava-250\",\"url\":\"https:\/\/eduardobellavia.com.ar\/?product=lavadora-soteco-lava-250\",\"name\":\"Lavadora de Tapizados Lava 250 - Eduardo Bellavia\",\"isPartOf\":{\"@id\":\"https:\/\/eduardobellavia.com.ar\/#website\"},\"primaryImageOfPage\":{\"@id\":\"https:\/\/eduardobellavia.com.ar\/?product=lavadora-soteco-lava-250#primaryimage\"},\"image\":{\"@id\":\"https:\/\/eduardobellavia.com.ar\/?product=lavadora-soteco-lava-250#primaryimage\"},\"thumbnailUrl\":\"https:\/\/eduardobellavia.com.ar\/wp-content\/uploads\/2020\/10\/Lavadora_Tapizados_Lava_250.jpg\",\"datePublished\":\"2020-10-20T17:54:57+00:00\",\"dateModified\":\"2025-02-11T18:08:15+00:00\",\"breadcrumb\":{\"@id\":\"https:\/\/eduardobellavia.com.ar\/?product=lavadora-soteco-lava-250#breadcrumb\"},\"inLanguage\":\"es-AR\",\"potentialAction\":[{\"@type\":\"ReadAction\",\"target\":[\"https:\/\/eduardobellavia.com.ar\/?product=lavadora-soteco-lava-250\"]}]},{\"@type\":\"ImageObject\",\"inLanguage\":\"es-AR\",\"@id\":\"https:\/\/eduardobellavia.com.ar\/?product=lavadora-soteco-lava-250#primaryimage\",\"url\":\"https:\/\/eduardobellavia.com.ar\/wp-content\/uploads\/2020\/10\/Lavadora_Tapizados_Lava_250.jpg\",\"contentUrl\":\"https:\/\/eduardobellavia.com.ar\/wp-content\/uploads\/2020\/10\/Lavadora_Tapizados_Lava_250.jpg\",\"width\":1024,\"height\":1024},{\"@type\":\"BreadcrumbList\",\"@id\":\"https:\/\/eduardobellavia.com.ar\/?product=lavadora-soteco-lava-250#breadcrumb\",\"itemListElement\":[{\"@type\":\"ListItem\",\"position\":1,\"name\":\"Inicio\",\"item\":\"https:\/\/eduardobellavia.com.ar\/\"},{\"@type\":\"ListItem\",\"position\":2,\"name\":\"Shop\",\"item\":\"https:\/\/eduardobellavia.com.ar\/?page_id=23\"},{\"@type\":\"ListItem\",\"position\":3,\"name\":\"Lavadora de Tapizados Lava 250\"}]},{\"@type\":\"WebSite\",\"@id\":\"https:\/\/eduardobellavia.com.ar\/#website\",\"url\":\"https:\/\/eduardobellavia.com.ar\/\",\"name\":\"Eduardo Bellavia\",\"description\":\"Equipamiento de Limpieza\",\"publisher\":{\"@id\":\"https:\/\/eduardobellavia.com.ar\/#organization\"},\"potentialAction\":[{\"@type\":\"SearchAction\",\"target\":{\"@type\":\"EntryPoint\",\"urlTemplate\":\"https:\/\/eduardobellavia.com.ar\/?s={search_term_string}\"},\"query-input\":{\"@type\":\"PropertyValueSpecification\",\"valueRequired\":true,\"valueName\":\"search_term_string\"}}],\"inLanguage\":\"es-AR\"},{\"@type\":\"Organization\",\"@id\":\"https:\/\/eduardobellavia.com.ar\/#organization\",\"name\":\"Eduardo Bellavia\",\"url\":\"https:\/\/eduardobellavia.com.ar\/\",\"logo\":{\"@type\":\"ImageObject\",\"inLanguage\":\"es-AR\",\"@id\":\"https:\/\/eduardobellavia.com.ar\/#\/schema\/logo\/image\/\",\"url\":\"https:\/\/eduardobellavia.com.ar\/wp-content\/uploads\/2016\/07\/LogoE.jpg\",\"contentUrl\":\"https:\/\/eduardobellavia.com.ar\/wp-content\/uploads\/2016\/07\/LogoE.jpg\",\"width\":300,\"height\":104,\"caption\":\"Eduardo Bellavia\"},\"image\":{\"@id\":\"https:\/\/eduardobellavia.com.ar\/#\/schema\/logo\/image\/\"},\"sameAs\":[\"https:\/\/www.facebook.com\/eduardobellavia.ar\"]}]}<\/script>\n<!-- \/ Yoast SEO plugin. -->","yoast_head_json":{"title":"Lavadora de Tapizados Lava 250 - Eduardo Bellavia","robots":{"index":"index","follow":"follow","max-snippet":"max-snippet:-1","max-image-preview":"max-image-preview:large","max-video-preview":"max-video-preview:-1"},"canonical":"https:\/\/eduardobellavia.com.ar\/?product=lavadora-soteco-lava-250","og_locale":"es_ES","og_type":"article","og_title":"Lavadora de Tapizados Lava 250 - Eduardo Bellavia","og_description":"Lavadora de tapizados de sistema inyecci\u00f3n-extracci\u00f3n. Cuenta con 1 motor a carbones para aspiraci\u00f3n, 1 bomba el\u00e9ctrica para inyecci\u00f3n, tanque de recolecci\u00f3n y tanque de soluci\u00f3n interno de pl\u00e1stico. Para lavado de todo tipo tapizados de autos, sillas, sillones, etc.","og_url":"https:\/\/eduardobellavia.com.ar\/?product=lavadora-soteco-lava-250","og_site_name":"Eduardo Bellavia","article_publisher":"https:\/\/www.facebook.com\/eduardobellavia.ar","article_modified_time":"2025-02-11T18:08:15+00:00","og_image":[{"width":1024,"height":1024,"url":"https:\/\/eduardobellavia.com.ar\/wp-content\/uploads\/2020\/10\/Lavadora_Tapizados_Lava_250.jpg","type":"image\/jpeg"}],"twitter_card":"summary_large_image","twitter_misc":{"Tiempo de lectura":"1 minuto"},"schema":{"@context":"https:\/\/schema.org","@graph":[{"@type":"WebPage","@id":"https:\/\/eduardobellavia.com.ar\/?product=lavadora-soteco-lava-250","url":"https:\/\/eduardobellavia.com.ar\/?product=lavadora-soteco-lava-250","name":"Lavadora de Tapizados Lava 250 - Eduardo Bellavia","isPartOf":{"@id":"https:\/\/eduardobellavia.com.ar\/#website"},"primaryImageOfPage":{"@id":"https:\/\/eduardobellavia.com.ar\/?product=lavadora-soteco-lava-250#primaryimage"},"image":{"@id":"https:\/\/eduardobellavia.com.ar\/?product=lavadora-soteco-lava-250#primaryimage"},"thumbnailUrl":"https:\/\/eduardobellavia.com.ar\/wp-content\/uploads\/2020\/10\/Lavadora_Tapizados_Lava_250.jpg","datePublished":"2020-10-20T17:54:57+00:00","dateModified":"2025-02-11T18:08:15+00:00","breadcrumb":{"@id":"https:\/\/eduardobellavia.com.ar\/?product=lavadora-soteco-lava-250#breadcrumb"},"inLanguage":"es-AR","potentialAction":[{"@type":"ReadAction","target":["https:\/\/eduardobellavia.com.ar\/?product=lavadora-soteco-lava-250"]}]},{"@type":"ImageObject","inLanguage":"es-AR","@id":"https:\/\/eduardobellavia.com.ar\/?product=lavadora-soteco-lava-250#primaryimage","url":"https:\/\/eduardobellavia.com.ar\/wp-content\/uploads\/2020\/10\/Lavadora_Tapizados_Lava_250.jpg","contentUrl":"https:\/\/eduardobellavia.com.ar\/wp-content\/uploads\/2020\/10\/Lavadora_Tapizados_Lava_250.jpg","width":1024,"height":1024},{"@type":"BreadcrumbList","@id":"https:\/\/eduardobellavia.com.ar\/?product=lavadora-soteco-lava-250#breadcrumb","itemListElement":[{"@type":"ListItem","position":1,"name":"Inicio","item":"https:\/\/eduardobellavia.com.ar\/"},{"@type":"ListItem","position":2,"name":"Shop","item":"https:\/\/eduardobellavia.com.ar\/?page_id=23"},{"@type":"ListItem","position":3,"name":"Lavadora de Tapizados Lava 250"}]},{"@type":"WebSite","@id":"https:\/\/eduardobellavia.com.ar\/#website","url":"https:\/\/eduardobellavia.com.ar\/","name":"Eduardo Bellavia","description":"Equipamiento de Limpieza","publisher":{"@id":"https:\/\/eduardobellavia.com.ar\/#organization"},"potentialAction":[{"@type":"SearchAction","target":{"@type":"EntryPoint","urlTemplate":"https:\/\/eduardobellavia.com.ar\/?s={search_term_string}"},"query-input":{"@type":"PropertyValueSpecification","valueRequired":true,"valueName":"search_term_string"}}],"inLanguage":"es-AR"},{"@type":"Organization","@id":"https:\/\/eduardobellavia.com.ar\/#organization","name":"Eduardo Bellavia","url":"https:\/\/eduardobellavia.com.ar\/","logo":{"@type":"ImageObject","inLanguage":"es-AR","@id":"https:\/\/eduardobellavia.com.ar\/#\/schema\/logo\/image\/","url":"https:\/\/eduardobellavia.com.ar\/wp-content\/uploads\/2016\/07\/LogoE.jpg","contentUrl":"https:\/\/eduardobellavia.com.ar\/wp-content\/uploads\/2016\/07\/LogoE.jpg","width":300,"height":104,"caption":"Eduardo Bellavia"},"image":{"@id":"https:\/\/eduardobellavia.com.ar\/#\/schema\/logo\/image\/"},"sameAs":["https:\/\/www.facebook.com\/eduardobellavia.ar"]}]}},"_links":{"self":[{"href":"https:\/\/eduardobellavia.com.ar\/index.php?rest_route=\/wp\/v2\/product\/4969","targetHints":{"allow":["GET"]}}],"collection":[{"href":"https:\/\/eduardobellavia.com.ar\/index.php?rest_route=\/wp\/v2\/product"}],"about":[{"href":"https:\/\/eduardobellavia.com.ar\/index.php?rest_route=\/wp\/v2\/types\/product"}],"version-history":[{"count":5,"href":"https:\/\/eduardobellavia.com.ar\/index.php?rest_route=\/wp\/v2\/product\/4969\/revisions"}],"predecessor-version":[{"id":6016,"href":"https:\/\/eduardobellavia.com.ar\/index.php?rest_route=\/wp\/v2\/product\/4969\/revisions\/6016"}],"wp:featuredmedia":[{"embeddable":true,"href":"https:\/\/eduardobellavia.com.ar\/index.php?rest_route=\/wp\/v2\/media\/5836"}],"wp:attachment":[{"href":"https:\/\/eduardobellavia.com.ar\/index.php?rest_route=%2Fwp%2Fv2%2Fmedia&parent=4969"}],"wp:term":[{"taxonomy":"product_brand","embeddable":true,"href":"https:\/\/eduardobellavia.com.ar\/index.php?rest_route=%2Fwp%2Fv2%2Fproduct_brand&post=4969"},{"taxonomy":"product_cat","embeddable":true,"href":"https:\/\/eduardobellavia.com.ar\/index.php?rest_route=%2Fwp%2Fv2%2Fproduct_cat&post=4969"},{"taxonomy":"product_tag","embeddable":true,"href":"https:\/\/eduardobellavia.com.ar\/index.php?rest_route=%2Fwp%2Fv2%2Fproduct_tag&post=4969"}],"curies":[{"name":"wp","href":"https:\/\/api.w.org\/{rel}","templated":true}]}}