{"id":413,"date":"2018-07-25T14:34:20","date_gmt":"2018-07-25T17:34:20","guid":{"rendered":"http:\/\/eduardobellavia.com.ar\/?post_type=product&#038;p=413"},"modified":"2025-02-03T14:57:42","modified_gmt":"2025-02-03T17:57:42","slug":"desengrasante-rapid-plus-aprobado-por-senasa","status":"publish","type":"product","link":"https:\/\/eduardobellavia.com.ar\/?product=desengrasante-rapid-plus-aprobado-por-senasa","title":{"rendered":"Desengrasante Rapid Plus (Aprobado por SENASA)"},"content":{"rendered":"<p>Presentaci\u00f3n: 1 x 5 lts<\/p>\n<p>Diluci\u00f3n:<\/p>\n<p>1:20 para limpieza\u00a0dif\u00edcil<\/p>\n<p>1:40 para limpieza general<\/p>\n<p>1:60 para\u00a0mantenimiento<\/p>\n","protected":false},"excerpt":{"rendered":"<p>Desengrasante concentrado especialmente formulado para ser utilizado en industrias alimenticias, frigor\u00edficos, gastronom\u00eda, etc. Remueve y desincrusta grasas org\u00e1nicas, grasa animal, aceites y residuos generales, ideal para limpiar hornos, campanas, freidoras, parrillas, acero inoxidable, paredes, pisos, etc. Ingredientes activos biodegradables, aprobado por SENASA. Su f\u00f3rmula permite usarlo con lavasecadoras autom\u00e1ticas de pisos.<\/p>\n","protected":false},"featured_media":415,"template":"","meta":[],"product_brand":[],"product_cat":[16],"product_tag":[],"class_list":{"0":"post-413","1":"product","2":"type-product","3":"status-publish","4":"has-post-thumbnail","6":"product_cat-cepillos-panos-pads-lustradora-lavadora-accesorios","8":"first","9":"instock","10":"shipping-taxable","11":"product-type-simple"},"yoast_head":"<!-- This site is optimized with the Yoast SEO plugin v24.4 - https:\/\/yoast.com\/wordpress\/plugins\/seo\/ -->\n<title>Desengrasante Rapid Plus (Aprobado por SENASA) - Eduardo Bellavia<\/title>\n<meta name=\"robots\" content=\"index, follow, max-snippet:-1, max-image-preview:large, max-video-preview:-1\" \/>\n<link rel=\"canonical\" href=\"https:\/\/eduardobellavia.com.ar\/?product=desengrasante-rapid-plus-aprobado-por-senasa\" \/>\n<meta property=\"og:locale\" content=\"es_ES\" \/>\n<meta property=\"og:type\" content=\"article\" \/>\n<meta property=\"og:title\" content=\"Desengrasante Rapid Plus (Aprobado por SENASA) - Eduardo Bellavia\" \/>\n<meta property=\"og:description\" content=\"Desengrasante concentrado especialmente formulado para ser utilizado en industrias alimenticias, frigor\u00edficos, gastronom\u00eda, etc. Remueve y desincrusta grasas org\u00e1nicas, grasa animal, aceites y residuos generales, ideal para limpiar hornos, campanas, freidoras, parrillas, acero inoxidable, paredes, pisos, etc. Ingredientes activos biodegradables, aprobado por SENASA. Su f\u00f3rmula permite usarlo con lavasecadoras autom\u00e1ticas de pisos.\" \/>\n<meta property=\"og:url\" content=\"https:\/\/eduardobellavia.com.ar\/?product=desengrasante-rapid-plus-aprobado-por-senasa\" \/>\n<meta property=\"og:site_name\" content=\"Eduardo Bellavia\" \/>\n<meta property=\"article:publisher\" content=\"https:\/\/www.facebook.com\/eduardobellavia.ar\" \/>\n<meta property=\"article:modified_time\" content=\"2025-02-03T17:57:42+00:00\" \/>\n<meta property=\"og:image\" content=\"https:\/\/eduardobellavia.com.ar\/wp-content\/uploads\/2018\/07\/Web-Rapid-Plus-1.jpg\" \/>\n\t<meta property=\"og:image:width\" content=\"620\" \/>\n\t<meta property=\"og:image:height\" content=\"620\" \/>\n\t<meta property=\"og:image:type\" content=\"image\/jpeg\" \/>\n<meta name=\"twitter:card\" content=\"summary_large_image\" \/>\n<script type=\"application\/ld+json\" class=\"yoast-schema-graph\">{\"@context\":\"https:\/\/schema.org\",\"@graph\":[{\"@type\":\"WebPage\",\"@id\":\"https:\/\/eduardobellavia.com.ar\/?product=desengrasante-rapid-plus-aprobado-por-senasa\",\"url\":\"https:\/\/eduardobellavia.com.ar\/?product=desengrasante-rapid-plus-aprobado-por-senasa\",\"name\":\"Desengrasante Rapid Plus (Aprobado por SENASA) - Eduardo Bellavia\",\"isPartOf\":{\"@id\":\"https:\/\/eduardobellavia.com.ar\/#website\"},\"primaryImageOfPage\":{\"@id\":\"https:\/\/eduardobellavia.com.ar\/?product=desengrasante-rapid-plus-aprobado-por-senasa#primaryimage\"},\"image\":{\"@id\":\"https:\/\/eduardobellavia.com.ar\/?product=desengrasante-rapid-plus-aprobado-por-senasa#primaryimage\"},\"thumbnailUrl\":\"https:\/\/eduardobellavia.com.ar\/wp-content\/uploads\/2018\/07\/Web-Rapid-Plus-1.jpg\",\"datePublished\":\"2018-07-25T17:34:20+00:00\",\"dateModified\":\"2025-02-03T17:57:42+00:00\",\"breadcrumb\":{\"@id\":\"https:\/\/eduardobellavia.com.ar\/?product=desengrasante-rapid-plus-aprobado-por-senasa#breadcrumb\"},\"inLanguage\":\"es-AR\",\"potentialAction\":[{\"@type\":\"ReadAction\",\"target\":[\"https:\/\/eduardobellavia.com.ar\/?product=desengrasante-rapid-plus-aprobado-por-senasa\"]}]},{\"@type\":\"ImageObject\",\"inLanguage\":\"es-AR\",\"@id\":\"https:\/\/eduardobellavia.com.ar\/?product=desengrasante-rapid-plus-aprobado-por-senasa#primaryimage\",\"url\":\"https:\/\/eduardobellavia.com.ar\/wp-content\/uploads\/2018\/07\/Web-Rapid-Plus-1.jpg\",\"contentUrl\":\"https:\/\/eduardobellavia.com.ar\/wp-content\/uploads\/2018\/07\/Web-Rapid-Plus-1.jpg\",\"width\":620,\"height\":620},{\"@type\":\"BreadcrumbList\",\"@id\":\"https:\/\/eduardobellavia.com.ar\/?product=desengrasante-rapid-plus-aprobado-por-senasa#breadcrumb\",\"itemListElement\":[{\"@type\":\"ListItem\",\"position\":1,\"name\":\"Inicio\",\"item\":\"https:\/\/eduardobellavia.com.ar\/\"},{\"@type\":\"ListItem\",\"position\":2,\"name\":\"Shop\",\"item\":\"https:\/\/eduardobellavia.com.ar\/?page_id=23\"},{\"@type\":\"ListItem\",\"position\":3,\"name\":\"Desengrasante Rapid Plus (Aprobado por SENASA)\"}]},{\"@type\":\"WebSite\",\"@id\":\"https:\/\/eduardobellavia.com.ar\/#website\",\"url\":\"https:\/\/eduardobellavia.com.ar\/\",\"name\":\"Eduardo Bellavia\",\"description\":\"Equipamiento de Limpieza\",\"publisher\":{\"@id\":\"https:\/\/eduardobellavia.com.ar\/#organization\"},\"potentialAction\":[{\"@type\":\"SearchAction\",\"target\":{\"@type\":\"EntryPoint\",\"urlTemplate\":\"https:\/\/eduardobellavia.com.ar\/?s={search_term_string}\"},\"query-input\":{\"@type\":\"PropertyValueSpecification\",\"valueRequired\":true,\"valueName\":\"search_term_string\"}}],\"inLanguage\":\"es-AR\"},{\"@type\":\"Organization\",\"@id\":\"https:\/\/eduardobellavia.com.ar\/#organization\",\"name\":\"Eduardo Bellavia\",\"url\":\"https:\/\/eduardobellavia.com.ar\/\",\"logo\":{\"@type\":\"ImageObject\",\"inLanguage\":\"es-AR\",\"@id\":\"https:\/\/eduardobellavia.com.ar\/#\/schema\/logo\/image\/\",\"url\":\"https:\/\/eduardobellavia.com.ar\/wp-content\/uploads\/2016\/07\/LogoE.jpg\",\"contentUrl\":\"https:\/\/eduardobellavia.com.ar\/wp-content\/uploads\/2016\/07\/LogoE.jpg\",\"width\":300,\"height\":104,\"caption\":\"Eduardo Bellavia\"},\"image\":{\"@id\":\"https:\/\/eduardobellavia.com.ar\/#\/schema\/logo\/image\/\"},\"sameAs\":[\"https:\/\/www.facebook.com\/eduardobellavia.ar\"]}]}<\/script>\n<!-- \/ Yoast SEO plugin. -->","yoast_head_json":{"title":"Desengrasante Rapid Plus (Aprobado por SENASA) - Eduardo Bellavia","robots":{"index":"index","follow":"follow","max-snippet":"max-snippet:-1","max-image-preview":"max-image-preview:large","max-video-preview":"max-video-preview:-1"},"canonical":"https:\/\/eduardobellavia.com.ar\/?product=desengrasante-rapid-plus-aprobado-por-senasa","og_locale":"es_ES","og_type":"article","og_title":"Desengrasante Rapid Plus (Aprobado por SENASA) - Eduardo Bellavia","og_description":"Desengrasante concentrado especialmente formulado para ser utilizado en industrias alimenticias, frigor\u00edficos, gastronom\u00eda, etc. Remueve y desincrusta grasas org\u00e1nicas, grasa animal, aceites y residuos generales, ideal para limpiar hornos, campanas, freidoras, parrillas, acero inoxidable, paredes, pisos, etc. Ingredientes activos biodegradables, aprobado por SENASA. Su f\u00f3rmula permite usarlo con lavasecadoras autom\u00e1ticas de pisos.","og_url":"https:\/\/eduardobellavia.com.ar\/?product=desengrasante-rapid-plus-aprobado-por-senasa","og_site_name":"Eduardo Bellavia","article_publisher":"https:\/\/www.facebook.com\/eduardobellavia.ar","article_modified_time":"2025-02-03T17:57:42+00:00","og_image":[{"width":620,"height":620,"url":"https:\/\/eduardobellavia.com.ar\/wp-content\/uploads\/2018\/07\/Web-Rapid-Plus-1.jpg","type":"image\/jpeg"}],"twitter_card":"summary_large_image","schema":{"@context":"https:\/\/schema.org","@graph":[{"@type":"WebPage","@id":"https:\/\/eduardobellavia.com.ar\/?product=desengrasante-rapid-plus-aprobado-por-senasa","url":"https:\/\/eduardobellavia.com.ar\/?product=desengrasante-rapid-plus-aprobado-por-senasa","name":"Desengrasante Rapid Plus (Aprobado por SENASA) - Eduardo Bellavia","isPartOf":{"@id":"https:\/\/eduardobellavia.com.ar\/#website"},"primaryImageOfPage":{"@id":"https:\/\/eduardobellavia.com.ar\/?product=desengrasante-rapid-plus-aprobado-por-senasa#primaryimage"},"image":{"@id":"https:\/\/eduardobellavia.com.ar\/?product=desengrasante-rapid-plus-aprobado-por-senasa#primaryimage"},"thumbnailUrl":"https:\/\/eduardobellavia.com.ar\/wp-content\/uploads\/2018\/07\/Web-Rapid-Plus-1.jpg","datePublished":"2018-07-25T17:34:20+00:00","dateModified":"2025-02-03T17:57:42+00:00","breadcrumb":{"@id":"https:\/\/eduardobellavia.com.ar\/?product=desengrasante-rapid-plus-aprobado-por-senasa#breadcrumb"},"inLanguage":"es-AR","potentialAction":[{"@type":"ReadAction","target":["https:\/\/eduardobellavia.com.ar\/?product=desengrasante-rapid-plus-aprobado-por-senasa"]}]},{"@type":"ImageObject","inLanguage":"es-AR","@id":"https:\/\/eduardobellavia.com.ar\/?product=desengrasante-rapid-plus-aprobado-por-senasa#primaryimage","url":"https:\/\/eduardobellavia.com.ar\/wp-content\/uploads\/2018\/07\/Web-Rapid-Plus-1.jpg","contentUrl":"https:\/\/eduardobellavia.com.ar\/wp-content\/uploads\/2018\/07\/Web-Rapid-Plus-1.jpg","width":620,"height":620},{"@type":"BreadcrumbList","@id":"https:\/\/eduardobellavia.com.ar\/?product=desengrasante-rapid-plus-aprobado-por-senasa#breadcrumb","itemListElement":[{"@type":"ListItem","position":1,"name":"Inicio","item":"https:\/\/eduardobellavia.com.ar\/"},{"@type":"ListItem","position":2,"name":"Shop","item":"https:\/\/eduardobellavia.com.ar\/?page_id=23"},{"@type":"ListItem","position":3,"name":"Desengrasante Rapid Plus (Aprobado por SENASA)"}]},{"@type":"WebSite","@id":"https:\/\/eduardobellavia.com.ar\/#website","url":"https:\/\/eduardobellavia.com.ar\/","name":"Eduardo Bellavia","description":"Equipamiento de Limpieza","publisher":{"@id":"https:\/\/eduardobellavia.com.ar\/#organization"},"potentialAction":[{"@type":"SearchAction","target":{"@type":"EntryPoint","urlTemplate":"https:\/\/eduardobellavia.com.ar\/?s={search_term_string}"},"query-input":{"@type":"PropertyValueSpecification","valueRequired":true,"valueName":"search_term_string"}}],"inLanguage":"es-AR"},{"@type":"Organization","@id":"https:\/\/eduardobellavia.com.ar\/#organization","name":"Eduardo Bellavia","url":"https:\/\/eduardobellavia.com.ar\/","logo":{"@type":"ImageObject","inLanguage":"es-AR","@id":"https:\/\/eduardobellavia.com.ar\/#\/schema\/logo\/image\/","url":"https:\/\/eduardobellavia.com.ar\/wp-content\/uploads\/2016\/07\/LogoE.jpg","contentUrl":"https:\/\/eduardobellavia.com.ar\/wp-content\/uploads\/2016\/07\/LogoE.jpg","width":300,"height":104,"caption":"Eduardo Bellavia"},"image":{"@id":"https:\/\/eduardobellavia.com.ar\/#\/schema\/logo\/image\/"},"sameAs":["https:\/\/www.facebook.com\/eduardobellavia.ar"]}]}},"_links":{"self":[{"href":"https:\/\/eduardobellavia.com.ar\/index.php?rest_route=\/wp\/v2\/product\/413","targetHints":{"allow":["GET"]}}],"collection":[{"href":"https:\/\/eduardobellavia.com.ar\/index.php?rest_route=\/wp\/v2\/product"}],"about":[{"href":"https:\/\/eduardobellavia.com.ar\/index.php?rest_route=\/wp\/v2\/types\/product"}],"version-history":[{"count":1,"href":"https:\/\/eduardobellavia.com.ar\/index.php?rest_route=\/wp\/v2\/product\/413\/revisions"}],"predecessor-version":[{"id":5588,"href":"https:\/\/eduardobellavia.com.ar\/index.php?rest_route=\/wp\/v2\/product\/413\/revisions\/5588"}],"wp:featuredmedia":[{"embeddable":true,"href":"https:\/\/eduardobellavia.com.ar\/index.php?rest_route=\/wp\/v2\/media\/415"}],"wp:attachment":[{"href":"https:\/\/eduardobellavia.com.ar\/index.php?rest_route=%2Fwp%2Fv2%2Fmedia&parent=413"}],"wp:term":[{"taxonomy":"product_brand","embeddable":true,"href":"https:\/\/eduardobellavia.com.ar\/index.php?rest_route=%2Fwp%2Fv2%2Fproduct_brand&post=413"},{"taxonomy":"product_cat","embeddable":true,"href":"https:\/\/eduardobellavia.com.ar\/index.php?rest_route=%2Fwp%2Fv2%2Fproduct_cat&post=413"},{"taxonomy":"product_tag","embeddable":true,"href":"https:\/\/eduardobellavia.com.ar\/index.php?rest_route=%2Fwp%2Fv2%2Fproduct_tag&post=413"}],"curies":[{"name":"wp","href":"https:\/\/api.w.org\/{rel}","templated":true}]}}