{"id":3942,"date":"2020-07-16T12:53:03","date_gmt":"2020-07-16T15:53:03","guid":{"rendered":"http:\/\/eduardobellavia.com.ar\/?post_type=product&#038;p=3942"},"modified":"2025-02-03T14:57:42","modified_gmt":"2025-02-03T17:57:42","slug":"desinfectante-bacter-action-aprobado-por-senasa","status":"publish","type":"product","link":"https:\/\/eduardobellavia.com.ar\/?product=desinfectante-bacter-action-aprobado-por-senasa","title":{"rendered":"Desinfectante Bacter Action (Aprobado por SENASA)"},"content":{"rendered":"<p>Presentaci\u00f3n: 1 x 5 lts<\/p>\n<p>Diluci\u00f3n:<\/p>\n<p>1:40 (25 ml en 1 lt de agua)<\/p>\n<p>&nbsp;<\/p>\n","protected":false},"excerpt":{"rendered":"<p>Desinfectante l\u00edquido concentrado de alta diluci\u00f3n a base de amonio cuaternario.\u00a0Elimina un amplio espectro de microorganismos, bacterias, gram + y gram &#8211; y virus diversos. <strong>ELIMINA COVID-19 utiliz\u00e1ndolo en la diluci\u00f3n recomendada y dej\u00e1ndolo actuar por 10 minutos.\u00a0<\/strong><\/p>\n<p>Desinfecta cocinas, ba\u00f1os, equipos, utensilios, material de laboratorio, mezcladoras, pisos, paredes, manijas, picaportes y todo tipo de superficies con efecto residual. <strong>Especialmente formulado para ser utilizado en industrias alimenticias, frigor\u00edficos, tambos, gastronom\u00eda, centros de salud, laboratorios, etc. Apto para ser utilizado en cabinas de desinfecci\u00f3n<\/strong>. Aprobado por ANMAT y SENASA.<\/p>\n<p>Estable, a diferencia del alcohol y la lavandina. No inflamable. No mancha.<\/p>\n","protected":false},"featured_media":3944,"template":"","meta":[],"product_brand":[],"product_cat":[16],"product_tag":[],"class_list":{"0":"post-3942","1":"product","2":"type-product","3":"status-publish","4":"has-post-thumbnail","6":"product_cat-cepillos-panos-pads-lustradora-lavadora-accesorios","8":"first","9":"instock","10":"shipping-taxable","11":"product-type-simple"},"yoast_head":"<!-- This site is optimized with the Yoast SEO plugin v24.4 - https:\/\/yoast.com\/wordpress\/plugins\/seo\/ -->\n<title>Desinfectante Bacter Action (Aprobado por SENASA) - Eduardo Bellavia<\/title>\n<meta name=\"robots\" content=\"index, follow, max-snippet:-1, max-image-preview:large, max-video-preview:-1\" \/>\n<link rel=\"canonical\" href=\"https:\/\/eduardobellavia.com.ar\/?product=desinfectante-bacter-action-aprobado-por-senasa\" \/>\n<meta property=\"og:locale\" content=\"es_ES\" \/>\n<meta property=\"og:type\" content=\"article\" \/>\n<meta property=\"og:title\" content=\"Desinfectante Bacter Action (Aprobado por SENASA) - Eduardo Bellavia\" \/>\n<meta property=\"og:description\" content=\"Desinfectante l\u00edquido concentrado de alta diluci\u00f3n a base de amonio cuaternario.\u00a0Elimina un amplio espectro de microorganismos, bacterias, gram + y gram - y virus diversos. ELIMINA COVID-19 utiliz\u00e1ndolo en la diluci\u00f3n recomendada y dej\u00e1ndolo actuar por 10 minutos.\u00a0  Desinfecta cocinas, ba\u00f1os, equipos, utensilios, material de laboratorio, mezcladoras, pisos, paredes, manijas, picaportes y todo tipo de superficies con efecto residual. Especialmente formulado para ser utilizado en industrias alimenticias, frigor\u00edficos, tambos, gastronom\u00eda, centros de salud, laboratorios, etc. Apto para ser utilizado en cabinas de desinfecci\u00f3n. Aprobado por ANMAT y SENASA.  Estable, a diferencia del alcohol y la lavandina. No inflamable. No mancha.\" \/>\n<meta property=\"og:url\" content=\"https:\/\/eduardobellavia.com.ar\/?product=desinfectante-bacter-action-aprobado-por-senasa\" \/>\n<meta property=\"og:site_name\" content=\"Eduardo Bellavia\" \/>\n<meta property=\"article:publisher\" content=\"https:\/\/www.facebook.com\/eduardobellavia.ar\" \/>\n<meta property=\"article:modified_time\" content=\"2025-02-03T17:57:42+00:00\" \/>\n<meta property=\"og:image\" content=\"https:\/\/eduardobellavia.com.ar\/wp-content\/uploads\/2020\/07\/Bacter-Action-Web.jpg\" \/>\n\t<meta property=\"og:image:width\" content=\"620\" \/>\n\t<meta property=\"og:image:height\" content=\"620\" \/>\n\t<meta property=\"og:image:type\" content=\"image\/jpeg\" \/>\n<meta name=\"twitter:card\" content=\"summary_large_image\" \/>\n<script type=\"application\/ld+json\" class=\"yoast-schema-graph\">{\"@context\":\"https:\/\/schema.org\",\"@graph\":[{\"@type\":\"WebPage\",\"@id\":\"https:\/\/eduardobellavia.com.ar\/?product=desinfectante-bacter-action-aprobado-por-senasa\",\"url\":\"https:\/\/eduardobellavia.com.ar\/?product=desinfectante-bacter-action-aprobado-por-senasa\",\"name\":\"Desinfectante Bacter Action (Aprobado por SENASA) - Eduardo Bellavia\",\"isPartOf\":{\"@id\":\"https:\/\/eduardobellavia.com.ar\/#website\"},\"primaryImageOfPage\":{\"@id\":\"https:\/\/eduardobellavia.com.ar\/?product=desinfectante-bacter-action-aprobado-por-senasa#primaryimage\"},\"image\":{\"@id\":\"https:\/\/eduardobellavia.com.ar\/?product=desinfectante-bacter-action-aprobado-por-senasa#primaryimage\"},\"thumbnailUrl\":\"https:\/\/eduardobellavia.com.ar\/wp-content\/uploads\/2020\/07\/Bacter-Action-Web.jpg\",\"datePublished\":\"2020-07-16T15:53:03+00:00\",\"dateModified\":\"2025-02-03T17:57:42+00:00\",\"breadcrumb\":{\"@id\":\"https:\/\/eduardobellavia.com.ar\/?product=desinfectante-bacter-action-aprobado-por-senasa#breadcrumb\"},\"inLanguage\":\"es-AR\",\"potentialAction\":[{\"@type\":\"ReadAction\",\"target\":[\"https:\/\/eduardobellavia.com.ar\/?product=desinfectante-bacter-action-aprobado-por-senasa\"]}]},{\"@type\":\"ImageObject\",\"inLanguage\":\"es-AR\",\"@id\":\"https:\/\/eduardobellavia.com.ar\/?product=desinfectante-bacter-action-aprobado-por-senasa#primaryimage\",\"url\":\"https:\/\/eduardobellavia.com.ar\/wp-content\/uploads\/2020\/07\/Bacter-Action-Web.jpg\",\"contentUrl\":\"https:\/\/eduardobellavia.com.ar\/wp-content\/uploads\/2020\/07\/Bacter-Action-Web.jpg\",\"width\":620,\"height\":620},{\"@type\":\"BreadcrumbList\",\"@id\":\"https:\/\/eduardobellavia.com.ar\/?product=desinfectante-bacter-action-aprobado-por-senasa#breadcrumb\",\"itemListElement\":[{\"@type\":\"ListItem\",\"position\":1,\"name\":\"Inicio\",\"item\":\"https:\/\/eduardobellavia.com.ar\/\"},{\"@type\":\"ListItem\",\"position\":2,\"name\":\"Shop\",\"item\":\"https:\/\/eduardobellavia.com.ar\/?page_id=23\"},{\"@type\":\"ListItem\",\"position\":3,\"name\":\"Desinfectante Bacter Action (Aprobado por SENASA)\"}]},{\"@type\":\"WebSite\",\"@id\":\"https:\/\/eduardobellavia.com.ar\/#website\",\"url\":\"https:\/\/eduardobellavia.com.ar\/\",\"name\":\"Eduardo Bellavia\",\"description\":\"Equipamiento de Limpieza\",\"publisher\":{\"@id\":\"https:\/\/eduardobellavia.com.ar\/#organization\"},\"potentialAction\":[{\"@type\":\"SearchAction\",\"target\":{\"@type\":\"EntryPoint\",\"urlTemplate\":\"https:\/\/eduardobellavia.com.ar\/?s={search_term_string}\"},\"query-input\":{\"@type\":\"PropertyValueSpecification\",\"valueRequired\":true,\"valueName\":\"search_term_string\"}}],\"inLanguage\":\"es-AR\"},{\"@type\":\"Organization\",\"@id\":\"https:\/\/eduardobellavia.com.ar\/#organization\",\"name\":\"Eduardo Bellavia\",\"url\":\"https:\/\/eduardobellavia.com.ar\/\",\"logo\":{\"@type\":\"ImageObject\",\"inLanguage\":\"es-AR\",\"@id\":\"https:\/\/eduardobellavia.com.ar\/#\/schema\/logo\/image\/\",\"url\":\"https:\/\/eduardobellavia.com.ar\/wp-content\/uploads\/2016\/07\/LogoE.jpg\",\"contentUrl\":\"https:\/\/eduardobellavia.com.ar\/wp-content\/uploads\/2016\/07\/LogoE.jpg\",\"width\":300,\"height\":104,\"caption\":\"Eduardo Bellavia\"},\"image\":{\"@id\":\"https:\/\/eduardobellavia.com.ar\/#\/schema\/logo\/image\/\"},\"sameAs\":[\"https:\/\/www.facebook.com\/eduardobellavia.ar\"]}]}<\/script>\n<!-- \/ Yoast SEO plugin. -->","yoast_head_json":{"title":"Desinfectante Bacter Action (Aprobado por SENASA) - Eduardo Bellavia","robots":{"index":"index","follow":"follow","max-snippet":"max-snippet:-1","max-image-preview":"max-image-preview:large","max-video-preview":"max-video-preview:-1"},"canonical":"https:\/\/eduardobellavia.com.ar\/?product=desinfectante-bacter-action-aprobado-por-senasa","og_locale":"es_ES","og_type":"article","og_title":"Desinfectante Bacter Action (Aprobado por SENASA) - Eduardo Bellavia","og_description":"Desinfectante l\u00edquido concentrado de alta diluci\u00f3n a base de amonio cuaternario.\u00a0Elimina un amplio espectro de microorganismos, bacterias, gram + y gram - y virus diversos. ELIMINA COVID-19 utiliz\u00e1ndolo en la diluci\u00f3n recomendada y dej\u00e1ndolo actuar por 10 minutos.\u00a0  Desinfecta cocinas, ba\u00f1os, equipos, utensilios, material de laboratorio, mezcladoras, pisos, paredes, manijas, picaportes y todo tipo de superficies con efecto residual. Especialmente formulado para ser utilizado en industrias alimenticias, frigor\u00edficos, tambos, gastronom\u00eda, centros de salud, laboratorios, etc. Apto para ser utilizado en cabinas de desinfecci\u00f3n. Aprobado por ANMAT y SENASA.  Estable, a diferencia del alcohol y la lavandina. No inflamable. No mancha.","og_url":"https:\/\/eduardobellavia.com.ar\/?product=desinfectante-bacter-action-aprobado-por-senasa","og_site_name":"Eduardo Bellavia","article_publisher":"https:\/\/www.facebook.com\/eduardobellavia.ar","article_modified_time":"2025-02-03T17:57:42+00:00","og_image":[{"width":620,"height":620,"url":"https:\/\/eduardobellavia.com.ar\/wp-content\/uploads\/2020\/07\/Bacter-Action-Web.jpg","type":"image\/jpeg"}],"twitter_card":"summary_large_image","schema":{"@context":"https:\/\/schema.org","@graph":[{"@type":"WebPage","@id":"https:\/\/eduardobellavia.com.ar\/?product=desinfectante-bacter-action-aprobado-por-senasa","url":"https:\/\/eduardobellavia.com.ar\/?product=desinfectante-bacter-action-aprobado-por-senasa","name":"Desinfectante Bacter Action (Aprobado por SENASA) - Eduardo Bellavia","isPartOf":{"@id":"https:\/\/eduardobellavia.com.ar\/#website"},"primaryImageOfPage":{"@id":"https:\/\/eduardobellavia.com.ar\/?product=desinfectante-bacter-action-aprobado-por-senasa#primaryimage"},"image":{"@id":"https:\/\/eduardobellavia.com.ar\/?product=desinfectante-bacter-action-aprobado-por-senasa#primaryimage"},"thumbnailUrl":"https:\/\/eduardobellavia.com.ar\/wp-content\/uploads\/2020\/07\/Bacter-Action-Web.jpg","datePublished":"2020-07-16T15:53:03+00:00","dateModified":"2025-02-03T17:57:42+00:00","breadcrumb":{"@id":"https:\/\/eduardobellavia.com.ar\/?product=desinfectante-bacter-action-aprobado-por-senasa#breadcrumb"},"inLanguage":"es-AR","potentialAction":[{"@type":"ReadAction","target":["https:\/\/eduardobellavia.com.ar\/?product=desinfectante-bacter-action-aprobado-por-senasa"]}]},{"@type":"ImageObject","inLanguage":"es-AR","@id":"https:\/\/eduardobellavia.com.ar\/?product=desinfectante-bacter-action-aprobado-por-senasa#primaryimage","url":"https:\/\/eduardobellavia.com.ar\/wp-content\/uploads\/2020\/07\/Bacter-Action-Web.jpg","contentUrl":"https:\/\/eduardobellavia.com.ar\/wp-content\/uploads\/2020\/07\/Bacter-Action-Web.jpg","width":620,"height":620},{"@type":"BreadcrumbList","@id":"https:\/\/eduardobellavia.com.ar\/?product=desinfectante-bacter-action-aprobado-por-senasa#breadcrumb","itemListElement":[{"@type":"ListItem","position":1,"name":"Inicio","item":"https:\/\/eduardobellavia.com.ar\/"},{"@type":"ListItem","position":2,"name":"Shop","item":"https:\/\/eduardobellavia.com.ar\/?page_id=23"},{"@type":"ListItem","position":3,"name":"Desinfectante Bacter Action (Aprobado por SENASA)"}]},{"@type":"WebSite","@id":"https:\/\/eduardobellavia.com.ar\/#website","url":"https:\/\/eduardobellavia.com.ar\/","name":"Eduardo Bellavia","description":"Equipamiento de Limpieza","publisher":{"@id":"https:\/\/eduardobellavia.com.ar\/#organization"},"potentialAction":[{"@type":"SearchAction","target":{"@type":"EntryPoint","urlTemplate":"https:\/\/eduardobellavia.com.ar\/?s={search_term_string}"},"query-input":{"@type":"PropertyValueSpecification","valueRequired":true,"valueName":"search_term_string"}}],"inLanguage":"es-AR"},{"@type":"Organization","@id":"https:\/\/eduardobellavia.com.ar\/#organization","name":"Eduardo Bellavia","url":"https:\/\/eduardobellavia.com.ar\/","logo":{"@type":"ImageObject","inLanguage":"es-AR","@id":"https:\/\/eduardobellavia.com.ar\/#\/schema\/logo\/image\/","url":"https:\/\/eduardobellavia.com.ar\/wp-content\/uploads\/2016\/07\/LogoE.jpg","contentUrl":"https:\/\/eduardobellavia.com.ar\/wp-content\/uploads\/2016\/07\/LogoE.jpg","width":300,"height":104,"caption":"Eduardo Bellavia"},"image":{"@id":"https:\/\/eduardobellavia.com.ar\/#\/schema\/logo\/image\/"},"sameAs":["https:\/\/www.facebook.com\/eduardobellavia.ar"]}]}},"_links":{"self":[{"href":"https:\/\/eduardobellavia.com.ar\/index.php?rest_route=\/wp\/v2\/product\/3942","targetHints":{"allow":["GET"]}}],"collection":[{"href":"https:\/\/eduardobellavia.com.ar\/index.php?rest_route=\/wp\/v2\/product"}],"about":[{"href":"https:\/\/eduardobellavia.com.ar\/index.php?rest_route=\/wp\/v2\/types\/product"}],"version-history":[{"count":1,"href":"https:\/\/eduardobellavia.com.ar\/index.php?rest_route=\/wp\/v2\/product\/3942\/revisions"}],"predecessor-version":[{"id":5586,"href":"https:\/\/eduardobellavia.com.ar\/index.php?rest_route=\/wp\/v2\/product\/3942\/revisions\/5586"}],"wp:featuredmedia":[{"embeddable":true,"href":"https:\/\/eduardobellavia.com.ar\/index.php?rest_route=\/wp\/v2\/media\/3944"}],"wp:attachment":[{"href":"https:\/\/eduardobellavia.com.ar\/index.php?rest_route=%2Fwp%2Fv2%2Fmedia&parent=3942"}],"wp:term":[{"taxonomy":"product_brand","embeddable":true,"href":"https:\/\/eduardobellavia.com.ar\/index.php?rest_route=%2Fwp%2Fv2%2Fproduct_brand&post=3942"},{"taxonomy":"product_cat","embeddable":true,"href":"https:\/\/eduardobellavia.com.ar\/index.php?rest_route=%2Fwp%2Fv2%2Fproduct_cat&post=3942"},{"taxonomy":"product_tag","embeddable":true,"href":"https:\/\/eduardobellavia.com.ar\/index.php?rest_route=%2Fwp%2Fv2%2Fproduct_tag&post=3942"}],"curies":[{"name":"wp","href":"https:\/\/api.w.org\/{rel}","templated":true}]}}