{"id":214,"date":"2016-09-12T17:09:02","date_gmt":"2016-09-12T20:09:02","guid":{"rendered":"http:\/\/eduardobellavia.com.ar\/?post_type=product&#038;p=214"},"modified":"2025-02-04T15:40:11","modified_gmt":"2025-02-04T18:40:11","slug":"hidrolavadora-chacra-1620-a-explosion-agua-fria","status":"publish","type":"product","link":"https:\/\/eduardobellavia.com.ar\/?product=hidrolavadora-chacra-1620-a-explosion-agua-fria","title":{"rendered":"Hidrolavadora Chacra 1620 a explosi\u00f3n (Agua fr\u00eda)"},"content":{"rendered":"<p><strong>Caracter\u00edsticas\u00a0<\/strong><\/p>\n<p>Agua fr\u00eda unicamente<\/p>\n<p>Presi\u00f3n: 200 bar<\/p>\n<p>Caudal: 16 lts\/m<\/p>\n<p>Motor: Honda 6 hp &#8211;\u00a0Naftero<\/p>\n<p>RPM\u00a03400<\/p>\n<p>Largo x ancho x alto (mm):\u00a08400 x 5500 x 8500<\/p>\n<p>Bomba a cig\u00fce\u00f1al y biela<\/p>\n<p>Pistones cer\u00e1micos<\/p>\n<p>By Pass<\/p>\n<p><strong>Accesorios<\/strong><\/p>\n<ul>\n<li>Manguera x 10 mts para 400 bar con acoples met\u00e1licos para alta presi\u00f3n<\/li>\n<li>Pistola, lanza y pico<\/li>\n<\/ul>\n","protected":false},"excerpt":{"rendered":"<p>Hidrolavadora de agua fr\u00eda \u00fanicamente con motor a explosi\u00f3n para aquellos lugares en donde no hay suministro el\u00e9ctrico,\u00a0ideal para uso intensivo. Equipada con bomba Interpump y montada sobre una carrocer\u00eda de acero\u00a0con tratamiento anticorrosivo texturado y 4 ruedas neum\u00e1ticas para trasladarla en todo tipo de superficies \u00a0y evitar las vibraciones.<\/p>\n","protected":false},"featured_media":212,"template":"","meta":[],"product_brand":[],"product_cat":[13],"product_tag":[],"class_list":{"0":"post-214","1":"product","2":"type-product","3":"status-publish","4":"has-post-thumbnail","6":"product_cat-hidrolavadoras-profesionales-comerciales","8":"first","9":"instock","10":"shipping-taxable","11":"product-type-simple"},"yoast_head":"<!-- This site is optimized with the Yoast SEO plugin v24.4 - https:\/\/yoast.com\/wordpress\/plugins\/seo\/ -->\n<title>Hidrolavadora Chacra 1620 a explosi\u00f3n (Agua fr\u00eda) - Eduardo Bellavia<\/title>\n<meta name=\"robots\" content=\"index, follow, max-snippet:-1, max-image-preview:large, max-video-preview:-1\" \/>\n<link rel=\"canonical\" href=\"https:\/\/eduardobellavia.com.ar\/?product=hidrolavadora-chacra-1620-a-explosion-agua-fria\" \/>\n<meta property=\"og:locale\" content=\"es_ES\" \/>\n<meta property=\"og:type\" content=\"article\" \/>\n<meta property=\"og:title\" content=\"Hidrolavadora Chacra 1620 a explosi\u00f3n (Agua fr\u00eda) - Eduardo Bellavia\" \/>\n<meta property=\"og:description\" content=\"Hidrolavadora de agua fr\u00eda \u00fanicamente con motor a explosi\u00f3n para aquellos lugares en donde no hay suministro el\u00e9ctrico,\u00a0ideal para uso intensivo. Equipada con bomba Interpump y montada sobre una carrocer\u00eda de acero\u00a0con tratamiento anticorrosivo texturado y 4 ruedas neum\u00e1ticas para trasladarla en todo tipo de superficies \u00a0y evitar las vibraciones.\" \/>\n<meta property=\"og:url\" content=\"https:\/\/eduardobellavia.com.ar\/?product=hidrolavadora-chacra-1620-a-explosion-agua-fria\" \/>\n<meta property=\"og:site_name\" content=\"Eduardo Bellavia\" \/>\n<meta property=\"article:publisher\" content=\"https:\/\/www.facebook.com\/eduardobellavia.ar\" \/>\n<meta property=\"article:modified_time\" content=\"2025-02-04T18:40:11+00:00\" \/>\n<meta property=\"og:image\" content=\"https:\/\/eduardobellavia.com.ar\/wp-content\/uploads\/2016\/09\/Hidro-Chacra.jpg\" \/>\n\t<meta property=\"og:image:width\" content=\"620\" \/>\n\t<meta property=\"og:image:height\" content=\"620\" \/>\n\t<meta property=\"og:image:type\" content=\"image\/jpeg\" \/>\n<meta name=\"twitter:card\" content=\"summary_large_image\" \/>\n<script type=\"application\/ld+json\" class=\"yoast-schema-graph\">{\"@context\":\"https:\/\/schema.org\",\"@graph\":[{\"@type\":\"WebPage\",\"@id\":\"https:\/\/eduardobellavia.com.ar\/?product=hidrolavadora-chacra-1620-a-explosion-agua-fria\",\"url\":\"https:\/\/eduardobellavia.com.ar\/?product=hidrolavadora-chacra-1620-a-explosion-agua-fria\",\"name\":\"Hidrolavadora Chacra 1620 a explosi\u00f3n (Agua fr\u00eda) - Eduardo Bellavia\",\"isPartOf\":{\"@id\":\"https:\/\/eduardobellavia.com.ar\/#website\"},\"primaryImageOfPage\":{\"@id\":\"https:\/\/eduardobellavia.com.ar\/?product=hidrolavadora-chacra-1620-a-explosion-agua-fria#primaryimage\"},\"image\":{\"@id\":\"https:\/\/eduardobellavia.com.ar\/?product=hidrolavadora-chacra-1620-a-explosion-agua-fria#primaryimage\"},\"thumbnailUrl\":\"https:\/\/eduardobellavia.com.ar\/wp-content\/uploads\/2016\/09\/Hidro-Chacra.jpg\",\"datePublished\":\"2016-09-12T20:09:02+00:00\",\"dateModified\":\"2025-02-04T18:40:11+00:00\",\"breadcrumb\":{\"@id\":\"https:\/\/eduardobellavia.com.ar\/?product=hidrolavadora-chacra-1620-a-explosion-agua-fria#breadcrumb\"},\"inLanguage\":\"es-AR\",\"potentialAction\":[{\"@type\":\"ReadAction\",\"target\":[\"https:\/\/eduardobellavia.com.ar\/?product=hidrolavadora-chacra-1620-a-explosion-agua-fria\"]}]},{\"@type\":\"ImageObject\",\"inLanguage\":\"es-AR\",\"@id\":\"https:\/\/eduardobellavia.com.ar\/?product=hidrolavadora-chacra-1620-a-explosion-agua-fria#primaryimage\",\"url\":\"https:\/\/eduardobellavia.com.ar\/wp-content\/uploads\/2016\/09\/Hidro-Chacra.jpg\",\"contentUrl\":\"https:\/\/eduardobellavia.com.ar\/wp-content\/uploads\/2016\/09\/Hidro-Chacra.jpg\",\"width\":620,\"height\":620},{\"@type\":\"BreadcrumbList\",\"@id\":\"https:\/\/eduardobellavia.com.ar\/?product=hidrolavadora-chacra-1620-a-explosion-agua-fria#breadcrumb\",\"itemListElement\":[{\"@type\":\"ListItem\",\"position\":1,\"name\":\"Inicio\",\"item\":\"https:\/\/eduardobellavia.com.ar\/\"},{\"@type\":\"ListItem\",\"position\":2,\"name\":\"Shop\",\"item\":\"https:\/\/eduardobellavia.com.ar\/?page_id=23\"},{\"@type\":\"ListItem\",\"position\":3,\"name\":\"Hidrolavadora Chacra 1620 a explosi\u00f3n (Agua fr\u00eda)\"}]},{\"@type\":\"WebSite\",\"@id\":\"https:\/\/eduardobellavia.com.ar\/#website\",\"url\":\"https:\/\/eduardobellavia.com.ar\/\",\"name\":\"Eduardo Bellavia\",\"description\":\"Equipamiento de Limpieza\",\"publisher\":{\"@id\":\"https:\/\/eduardobellavia.com.ar\/#organization\"},\"potentialAction\":[{\"@type\":\"SearchAction\",\"target\":{\"@type\":\"EntryPoint\",\"urlTemplate\":\"https:\/\/eduardobellavia.com.ar\/?s={search_term_string}\"},\"query-input\":{\"@type\":\"PropertyValueSpecification\",\"valueRequired\":true,\"valueName\":\"search_term_string\"}}],\"inLanguage\":\"es-AR\"},{\"@type\":\"Organization\",\"@id\":\"https:\/\/eduardobellavia.com.ar\/#organization\",\"name\":\"Eduardo Bellavia\",\"url\":\"https:\/\/eduardobellavia.com.ar\/\",\"logo\":{\"@type\":\"ImageObject\",\"inLanguage\":\"es-AR\",\"@id\":\"https:\/\/eduardobellavia.com.ar\/#\/schema\/logo\/image\/\",\"url\":\"https:\/\/eduardobellavia.com.ar\/wp-content\/uploads\/2016\/07\/LogoE.jpg\",\"contentUrl\":\"https:\/\/eduardobellavia.com.ar\/wp-content\/uploads\/2016\/07\/LogoE.jpg\",\"width\":300,\"height\":104,\"caption\":\"Eduardo Bellavia\"},\"image\":{\"@id\":\"https:\/\/eduardobellavia.com.ar\/#\/schema\/logo\/image\/\"},\"sameAs\":[\"https:\/\/www.facebook.com\/eduardobellavia.ar\"]}]}<\/script>\n<!-- \/ Yoast SEO plugin. -->","yoast_head_json":{"title":"Hidrolavadora Chacra 1620 a explosi\u00f3n (Agua fr\u00eda) - Eduardo Bellavia","robots":{"index":"index","follow":"follow","max-snippet":"max-snippet:-1","max-image-preview":"max-image-preview:large","max-video-preview":"max-video-preview:-1"},"canonical":"https:\/\/eduardobellavia.com.ar\/?product=hidrolavadora-chacra-1620-a-explosion-agua-fria","og_locale":"es_ES","og_type":"article","og_title":"Hidrolavadora Chacra 1620 a explosi\u00f3n (Agua fr\u00eda) - Eduardo Bellavia","og_description":"Hidrolavadora de agua fr\u00eda \u00fanicamente con motor a explosi\u00f3n para aquellos lugares en donde no hay suministro el\u00e9ctrico,\u00a0ideal para uso intensivo. Equipada con bomba Interpump y montada sobre una carrocer\u00eda de acero\u00a0con tratamiento anticorrosivo texturado y 4 ruedas neum\u00e1ticas para trasladarla en todo tipo de superficies \u00a0y evitar las vibraciones.","og_url":"https:\/\/eduardobellavia.com.ar\/?product=hidrolavadora-chacra-1620-a-explosion-agua-fria","og_site_name":"Eduardo Bellavia","article_publisher":"https:\/\/www.facebook.com\/eduardobellavia.ar","article_modified_time":"2025-02-04T18:40:11+00:00","og_image":[{"width":620,"height":620,"url":"https:\/\/eduardobellavia.com.ar\/wp-content\/uploads\/2016\/09\/Hidro-Chacra.jpg","type":"image\/jpeg"}],"twitter_card":"summary_large_image","schema":{"@context":"https:\/\/schema.org","@graph":[{"@type":"WebPage","@id":"https:\/\/eduardobellavia.com.ar\/?product=hidrolavadora-chacra-1620-a-explosion-agua-fria","url":"https:\/\/eduardobellavia.com.ar\/?product=hidrolavadora-chacra-1620-a-explosion-agua-fria","name":"Hidrolavadora Chacra 1620 a explosi\u00f3n (Agua fr\u00eda) - Eduardo Bellavia","isPartOf":{"@id":"https:\/\/eduardobellavia.com.ar\/#website"},"primaryImageOfPage":{"@id":"https:\/\/eduardobellavia.com.ar\/?product=hidrolavadora-chacra-1620-a-explosion-agua-fria#primaryimage"},"image":{"@id":"https:\/\/eduardobellavia.com.ar\/?product=hidrolavadora-chacra-1620-a-explosion-agua-fria#primaryimage"},"thumbnailUrl":"https:\/\/eduardobellavia.com.ar\/wp-content\/uploads\/2016\/09\/Hidro-Chacra.jpg","datePublished":"2016-09-12T20:09:02+00:00","dateModified":"2025-02-04T18:40:11+00:00","breadcrumb":{"@id":"https:\/\/eduardobellavia.com.ar\/?product=hidrolavadora-chacra-1620-a-explosion-agua-fria#breadcrumb"},"inLanguage":"es-AR","potentialAction":[{"@type":"ReadAction","target":["https:\/\/eduardobellavia.com.ar\/?product=hidrolavadora-chacra-1620-a-explosion-agua-fria"]}]},{"@type":"ImageObject","inLanguage":"es-AR","@id":"https:\/\/eduardobellavia.com.ar\/?product=hidrolavadora-chacra-1620-a-explosion-agua-fria#primaryimage","url":"https:\/\/eduardobellavia.com.ar\/wp-content\/uploads\/2016\/09\/Hidro-Chacra.jpg","contentUrl":"https:\/\/eduardobellavia.com.ar\/wp-content\/uploads\/2016\/09\/Hidro-Chacra.jpg","width":620,"height":620},{"@type":"BreadcrumbList","@id":"https:\/\/eduardobellavia.com.ar\/?product=hidrolavadora-chacra-1620-a-explosion-agua-fria#breadcrumb","itemListElement":[{"@type":"ListItem","position":1,"name":"Inicio","item":"https:\/\/eduardobellavia.com.ar\/"},{"@type":"ListItem","position":2,"name":"Shop","item":"https:\/\/eduardobellavia.com.ar\/?page_id=23"},{"@type":"ListItem","position":3,"name":"Hidrolavadora Chacra 1620 a explosi\u00f3n (Agua fr\u00eda)"}]},{"@type":"WebSite","@id":"https:\/\/eduardobellavia.com.ar\/#website","url":"https:\/\/eduardobellavia.com.ar\/","name":"Eduardo Bellavia","description":"Equipamiento de Limpieza","publisher":{"@id":"https:\/\/eduardobellavia.com.ar\/#organization"},"potentialAction":[{"@type":"SearchAction","target":{"@type":"EntryPoint","urlTemplate":"https:\/\/eduardobellavia.com.ar\/?s={search_term_string}"},"query-input":{"@type":"PropertyValueSpecification","valueRequired":true,"valueName":"search_term_string"}}],"inLanguage":"es-AR"},{"@type":"Organization","@id":"https:\/\/eduardobellavia.com.ar\/#organization","name":"Eduardo Bellavia","url":"https:\/\/eduardobellavia.com.ar\/","logo":{"@type":"ImageObject","inLanguage":"es-AR","@id":"https:\/\/eduardobellavia.com.ar\/#\/schema\/logo\/image\/","url":"https:\/\/eduardobellavia.com.ar\/wp-content\/uploads\/2016\/07\/LogoE.jpg","contentUrl":"https:\/\/eduardobellavia.com.ar\/wp-content\/uploads\/2016\/07\/LogoE.jpg","width":300,"height":104,"caption":"Eduardo Bellavia"},"image":{"@id":"https:\/\/eduardobellavia.com.ar\/#\/schema\/logo\/image\/"},"sameAs":["https:\/\/www.facebook.com\/eduardobellavia.ar"]}]}},"_links":{"self":[{"href":"https:\/\/eduardobellavia.com.ar\/index.php?rest_route=\/wp\/v2\/product\/214","targetHints":{"allow":["GET"]}}],"collection":[{"href":"https:\/\/eduardobellavia.com.ar\/index.php?rest_route=\/wp\/v2\/product"}],"about":[{"href":"https:\/\/eduardobellavia.com.ar\/index.php?rest_route=\/wp\/v2\/types\/product"}],"version-history":[{"count":1,"href":"https:\/\/eduardobellavia.com.ar\/index.php?rest_route=\/wp\/v2\/product\/214\/revisions"}],"predecessor-version":[{"id":5985,"href":"https:\/\/eduardobellavia.com.ar\/index.php?rest_route=\/wp\/v2\/product\/214\/revisions\/5985"}],"wp:featuredmedia":[{"embeddable":true,"href":"https:\/\/eduardobellavia.com.ar\/index.php?rest_route=\/wp\/v2\/media\/212"}],"wp:attachment":[{"href":"https:\/\/eduardobellavia.com.ar\/index.php?rest_route=%2Fwp%2Fv2%2Fmedia&parent=214"}],"wp:term":[{"taxonomy":"product_brand","embeddable":true,"href":"https:\/\/eduardobellavia.com.ar\/index.php?rest_route=%2Fwp%2Fv2%2Fproduct_brand&post=214"},{"taxonomy":"product_cat","embeddable":true,"href":"https:\/\/eduardobellavia.com.ar\/index.php?rest_route=%2Fwp%2Fv2%2Fproduct_cat&post=214"},{"taxonomy":"product_tag","embeddable":true,"href":"https:\/\/eduardobellavia.com.ar\/index.php?rest_route=%2Fwp%2Fv2%2Fproduct_tag&post=214"}],"curies":[{"name":"wp","href":"https:\/\/api.w.org\/{rel}","templated":true}]}}