{"id":153,"date":"2016-08-23T17:36:34","date_gmt":"2016-08-23T20:36:34","guid":{"rendered":"http:\/\/eduardobellavia.com.ar\/?post_type=product&#038;p=153"},"modified":"2025-01-24T17:53:08","modified_gmt":"2025-01-24T20:53:08","slug":"lavasecadora-super-scrubber-20e-electrica","status":"publish","type":"product","link":"https:\/\/eduardobellavia.com.ar\/?product=lavasecadora-super-scrubber-20e-electrica","title":{"rendered":"LavaSecadora de Pisos Super Scrubber 20E (El\u00e9ctrica)"},"content":{"rendered":"<p><strong>Caracter\u00edsticas T\u00e9cnicas<\/strong><\/p>\n<p>Capacidad de trabajo: 1700 m2\/h<\/p>\n<p>Ancho de lavado: 500\u00a0mm<\/p>\n<p>Ancho de secado: 650 mm<\/p>\n<p>Di\u00e1metro de cepillo: 500 mm<\/p>\n<p>Tanque de recuperaci\u00f3n: 40 lts<\/p>\n<p>Tanque de soluci\u00f3n: 40 lts<\/p>\n<p>Motor de cepillo: 1.5 hp \/ 220 v &#8211; 5 a<\/p>\n<p>Motor de aspiraci\u00f3n: 919 w \/ 4.5 a<\/p>\n<p>Tracci\u00f3n: semi autom\u00e1tica<\/p>\n<p>Motor de tracci\u00f3n: N\/D<\/p>\n<p>RPM de cepillo: 220<\/p>\n<p>Nivel de aspiraci\u00f3n: 1500 mm col.agua<\/p>\n<p>Longitud: 1500 mm<\/p>\n<p>Ancho: 500\u00a0mm<\/p>\n<p>Alto: 1100\u00a0mm<\/p>\n<p>Peso: 100\u00a0kgs<\/p>\n<p>Alimentacion: 220V<\/p>\n<p>&nbsp;<\/p>\n<p>Incluye Cepillo para Lavar<\/p>\n<p>&nbsp;<\/p>\n<p><strong>Accesorios<\/strong><\/p>\n<ul>\n<li>Cepillo\u00a0para lustrar (no incluido)<\/li>\n<li>Portapa\u00f1o (no incluido)<\/li>\n<li>Pa\u00f1o 3M (no incluido)<\/li>\n<\/ul>\n","protected":false},"excerpt":{"rendered":"<p>Lavasecadora de pisos el\u00e9ctrica. F\u00e1cil de usar gracias a su simpleza y accesibilidad a los comandos, lava y seca pisos en una sola pasada. Ideal para medianas y grandes superficies. Sistema de Trabajo. Es muy sencillo y permite a operadores no especializados su empleo correcto, dada la accesibilidad a los mandos de las funciones y su sencillez. La maquina avanza, limpiando y aspirando el liquido sucio del piso dejandolo seco en una pasada.<\/p>\n","protected":false},"featured_media":5878,"template":"","meta":[],"product_brand":[],"product_cat":[12],"product_tag":[],"class_list":{"0":"post-153","1":"product","2":"type-product","3":"status-publish","4":"has-post-thumbnail","6":"product_cat-lavasecadoras-de-pisos-barredoras","8":"first","9":"instock","10":"shipping-taxable","11":"product-type-simple"},"yoast_head":"<!-- This site is optimized with the Yoast SEO plugin v24.4 - https:\/\/yoast.com\/wordpress\/plugins\/seo\/ -->\n<title>LavaSecadora de Pisos Super Scrubber 20E (El\u00e9ctrica) - Eduardo Bellavia<\/title>\n<meta name=\"robots\" content=\"index, follow, max-snippet:-1, max-image-preview:large, max-video-preview:-1\" \/>\n<link rel=\"canonical\" href=\"https:\/\/eduardobellavia.com.ar\/?product=lavasecadora-super-scrubber-20e-electrica\" \/>\n<meta property=\"og:locale\" content=\"es_ES\" \/>\n<meta property=\"og:type\" content=\"article\" \/>\n<meta property=\"og:title\" content=\"LavaSecadora de Pisos Super Scrubber 20E (El\u00e9ctrica) - Eduardo Bellavia\" \/>\n<meta property=\"og:description\" content=\"Lavasecadora de pisos el\u00e9ctrica. F\u00e1cil de usar gracias a su simpleza y accesibilidad a los comandos, lava y seca pisos en una sola pasada. Ideal para medianas y grandes superficies. Sistema de Trabajo. Es muy sencillo y permite a operadores no especializados su empleo correcto, dada la accesibilidad a los mandos de las funciones y su sencillez. La maquina avanza, limpiando y aspirando el liquido sucio del piso dejandolo seco en una pasada.\" \/>\n<meta property=\"og:url\" content=\"https:\/\/eduardobellavia.com.ar\/?product=lavasecadora-super-scrubber-20e-electrica\" \/>\n<meta property=\"og:site_name\" content=\"Eduardo Bellavia\" \/>\n<meta property=\"article:publisher\" content=\"https:\/\/www.facebook.com\/eduardobellavia.ar\" \/>\n<meta property=\"article:modified_time\" content=\"2025-01-24T20:53:08+00:00\" \/>\n<meta property=\"og:image\" content=\"https:\/\/eduardobellavia.com.ar\/wp-content\/uploads\/2016\/08\/Lavasecadoras_Catanese_Super_Scrubber_S20NE.jpg\" \/>\n\t<meta property=\"og:image:width\" content=\"1200\" \/>\n\t<meta property=\"og:image:height\" content=\"1200\" \/>\n\t<meta property=\"og:image:type\" content=\"image\/jpeg\" \/>\n<meta name=\"twitter:card\" content=\"summary_large_image\" \/>\n<script type=\"application\/ld+json\" class=\"yoast-schema-graph\">{\"@context\":\"https:\/\/schema.org\",\"@graph\":[{\"@type\":\"WebPage\",\"@id\":\"https:\/\/eduardobellavia.com.ar\/?product=lavasecadora-super-scrubber-20e-electrica\",\"url\":\"https:\/\/eduardobellavia.com.ar\/?product=lavasecadora-super-scrubber-20e-electrica\",\"name\":\"LavaSecadora de Pisos Super Scrubber 20E (El\u00e9ctrica) - Eduardo Bellavia\",\"isPartOf\":{\"@id\":\"https:\/\/eduardobellavia.com.ar\/#website\"},\"primaryImageOfPage\":{\"@id\":\"https:\/\/eduardobellavia.com.ar\/?product=lavasecadora-super-scrubber-20e-electrica#primaryimage\"},\"image\":{\"@id\":\"https:\/\/eduardobellavia.com.ar\/?product=lavasecadora-super-scrubber-20e-electrica#primaryimage\"},\"thumbnailUrl\":\"https:\/\/eduardobellavia.com.ar\/wp-content\/uploads\/2016\/08\/Lavasecadoras_Catanese_Super_Scrubber_S20NE.jpg\",\"datePublished\":\"2016-08-23T20:36:34+00:00\",\"dateModified\":\"2025-01-24T20:53:08+00:00\",\"breadcrumb\":{\"@id\":\"https:\/\/eduardobellavia.com.ar\/?product=lavasecadora-super-scrubber-20e-electrica#breadcrumb\"},\"inLanguage\":\"es-AR\",\"potentialAction\":[{\"@type\":\"ReadAction\",\"target\":[\"https:\/\/eduardobellavia.com.ar\/?product=lavasecadora-super-scrubber-20e-electrica\"]}]},{\"@type\":\"ImageObject\",\"inLanguage\":\"es-AR\",\"@id\":\"https:\/\/eduardobellavia.com.ar\/?product=lavasecadora-super-scrubber-20e-electrica#primaryimage\",\"url\":\"https:\/\/eduardobellavia.com.ar\/wp-content\/uploads\/2016\/08\/Lavasecadoras_Catanese_Super_Scrubber_S20NE.jpg\",\"contentUrl\":\"https:\/\/eduardobellavia.com.ar\/wp-content\/uploads\/2016\/08\/Lavasecadoras_Catanese_Super_Scrubber_S20NE.jpg\",\"width\":1200,\"height\":1200,\"caption\":\"Screenshot\"},{\"@type\":\"BreadcrumbList\",\"@id\":\"https:\/\/eduardobellavia.com.ar\/?product=lavasecadora-super-scrubber-20e-electrica#breadcrumb\",\"itemListElement\":[{\"@type\":\"ListItem\",\"position\":1,\"name\":\"Inicio\",\"item\":\"https:\/\/eduardobellavia.com.ar\/\"},{\"@type\":\"ListItem\",\"position\":2,\"name\":\"Shop\",\"item\":\"https:\/\/eduardobellavia.com.ar\/?page_id=23\"},{\"@type\":\"ListItem\",\"position\":3,\"name\":\"LavaSecadora de Pisos Super Scrubber 20E (El\u00e9ctrica)\"}]},{\"@type\":\"WebSite\",\"@id\":\"https:\/\/eduardobellavia.com.ar\/#website\",\"url\":\"https:\/\/eduardobellavia.com.ar\/\",\"name\":\"Eduardo Bellavia\",\"description\":\"Equipamiento de Limpieza\",\"publisher\":{\"@id\":\"https:\/\/eduardobellavia.com.ar\/#organization\"},\"potentialAction\":[{\"@type\":\"SearchAction\",\"target\":{\"@type\":\"EntryPoint\",\"urlTemplate\":\"https:\/\/eduardobellavia.com.ar\/?s={search_term_string}\"},\"query-input\":{\"@type\":\"PropertyValueSpecification\",\"valueRequired\":true,\"valueName\":\"search_term_string\"}}],\"inLanguage\":\"es-AR\"},{\"@type\":\"Organization\",\"@id\":\"https:\/\/eduardobellavia.com.ar\/#organization\",\"name\":\"Eduardo Bellavia\",\"url\":\"https:\/\/eduardobellavia.com.ar\/\",\"logo\":{\"@type\":\"ImageObject\",\"inLanguage\":\"es-AR\",\"@id\":\"https:\/\/eduardobellavia.com.ar\/#\/schema\/logo\/image\/\",\"url\":\"https:\/\/eduardobellavia.com.ar\/wp-content\/uploads\/2016\/07\/LogoE.jpg\",\"contentUrl\":\"https:\/\/eduardobellavia.com.ar\/wp-content\/uploads\/2016\/07\/LogoE.jpg\",\"width\":300,\"height\":104,\"caption\":\"Eduardo Bellavia\"},\"image\":{\"@id\":\"https:\/\/eduardobellavia.com.ar\/#\/schema\/logo\/image\/\"},\"sameAs\":[\"https:\/\/www.facebook.com\/eduardobellavia.ar\"]}]}<\/script>\n<!-- \/ Yoast SEO plugin. -->","yoast_head_json":{"title":"LavaSecadora de Pisos Super Scrubber 20E (El\u00e9ctrica) - Eduardo Bellavia","robots":{"index":"index","follow":"follow","max-snippet":"max-snippet:-1","max-image-preview":"max-image-preview:large","max-video-preview":"max-video-preview:-1"},"canonical":"https:\/\/eduardobellavia.com.ar\/?product=lavasecadora-super-scrubber-20e-electrica","og_locale":"es_ES","og_type":"article","og_title":"LavaSecadora de Pisos Super Scrubber 20E (El\u00e9ctrica) - Eduardo Bellavia","og_description":"Lavasecadora de pisos el\u00e9ctrica. F\u00e1cil de usar gracias a su simpleza y accesibilidad a los comandos, lava y seca pisos en una sola pasada. Ideal para medianas y grandes superficies. Sistema de Trabajo. Es muy sencillo y permite a operadores no especializados su empleo correcto, dada la accesibilidad a los mandos de las funciones y su sencillez. La maquina avanza, limpiando y aspirando el liquido sucio del piso dejandolo seco en una pasada.","og_url":"https:\/\/eduardobellavia.com.ar\/?product=lavasecadora-super-scrubber-20e-electrica","og_site_name":"Eduardo Bellavia","article_publisher":"https:\/\/www.facebook.com\/eduardobellavia.ar","article_modified_time":"2025-01-24T20:53:08+00:00","og_image":[{"width":1200,"height":1200,"url":"https:\/\/eduardobellavia.com.ar\/wp-content\/uploads\/2016\/08\/Lavasecadoras_Catanese_Super_Scrubber_S20NE.jpg","type":"image\/jpeg"}],"twitter_card":"summary_large_image","schema":{"@context":"https:\/\/schema.org","@graph":[{"@type":"WebPage","@id":"https:\/\/eduardobellavia.com.ar\/?product=lavasecadora-super-scrubber-20e-electrica","url":"https:\/\/eduardobellavia.com.ar\/?product=lavasecadora-super-scrubber-20e-electrica","name":"LavaSecadora de Pisos Super Scrubber 20E (El\u00e9ctrica) - Eduardo Bellavia","isPartOf":{"@id":"https:\/\/eduardobellavia.com.ar\/#website"},"primaryImageOfPage":{"@id":"https:\/\/eduardobellavia.com.ar\/?product=lavasecadora-super-scrubber-20e-electrica#primaryimage"},"image":{"@id":"https:\/\/eduardobellavia.com.ar\/?product=lavasecadora-super-scrubber-20e-electrica#primaryimage"},"thumbnailUrl":"https:\/\/eduardobellavia.com.ar\/wp-content\/uploads\/2016\/08\/Lavasecadoras_Catanese_Super_Scrubber_S20NE.jpg","datePublished":"2016-08-23T20:36:34+00:00","dateModified":"2025-01-24T20:53:08+00:00","breadcrumb":{"@id":"https:\/\/eduardobellavia.com.ar\/?product=lavasecadora-super-scrubber-20e-electrica#breadcrumb"},"inLanguage":"es-AR","potentialAction":[{"@type":"ReadAction","target":["https:\/\/eduardobellavia.com.ar\/?product=lavasecadora-super-scrubber-20e-electrica"]}]},{"@type":"ImageObject","inLanguage":"es-AR","@id":"https:\/\/eduardobellavia.com.ar\/?product=lavasecadora-super-scrubber-20e-electrica#primaryimage","url":"https:\/\/eduardobellavia.com.ar\/wp-content\/uploads\/2016\/08\/Lavasecadoras_Catanese_Super_Scrubber_S20NE.jpg","contentUrl":"https:\/\/eduardobellavia.com.ar\/wp-content\/uploads\/2016\/08\/Lavasecadoras_Catanese_Super_Scrubber_S20NE.jpg","width":1200,"height":1200,"caption":"Screenshot"},{"@type":"BreadcrumbList","@id":"https:\/\/eduardobellavia.com.ar\/?product=lavasecadora-super-scrubber-20e-electrica#breadcrumb","itemListElement":[{"@type":"ListItem","position":1,"name":"Inicio","item":"https:\/\/eduardobellavia.com.ar\/"},{"@type":"ListItem","position":2,"name":"Shop","item":"https:\/\/eduardobellavia.com.ar\/?page_id=23"},{"@type":"ListItem","position":3,"name":"LavaSecadora de Pisos Super Scrubber 20E (El\u00e9ctrica)"}]},{"@type":"WebSite","@id":"https:\/\/eduardobellavia.com.ar\/#website","url":"https:\/\/eduardobellavia.com.ar\/","name":"Eduardo Bellavia","description":"Equipamiento de Limpieza","publisher":{"@id":"https:\/\/eduardobellavia.com.ar\/#organization"},"potentialAction":[{"@type":"SearchAction","target":{"@type":"EntryPoint","urlTemplate":"https:\/\/eduardobellavia.com.ar\/?s={search_term_string}"},"query-input":{"@type":"PropertyValueSpecification","valueRequired":true,"valueName":"search_term_string"}}],"inLanguage":"es-AR"},{"@type":"Organization","@id":"https:\/\/eduardobellavia.com.ar\/#organization","name":"Eduardo Bellavia","url":"https:\/\/eduardobellavia.com.ar\/","logo":{"@type":"ImageObject","inLanguage":"es-AR","@id":"https:\/\/eduardobellavia.com.ar\/#\/schema\/logo\/image\/","url":"https:\/\/eduardobellavia.com.ar\/wp-content\/uploads\/2016\/07\/LogoE.jpg","contentUrl":"https:\/\/eduardobellavia.com.ar\/wp-content\/uploads\/2016\/07\/LogoE.jpg","width":300,"height":104,"caption":"Eduardo Bellavia"},"image":{"@id":"https:\/\/eduardobellavia.com.ar\/#\/schema\/logo\/image\/"},"sameAs":["https:\/\/www.facebook.com\/eduardobellavia.ar"]}]}},"_links":{"self":[{"href":"https:\/\/eduardobellavia.com.ar\/index.php?rest_route=\/wp\/v2\/product\/153","targetHints":{"allow":["GET"]}}],"collection":[{"href":"https:\/\/eduardobellavia.com.ar\/index.php?rest_route=\/wp\/v2\/product"}],"about":[{"href":"https:\/\/eduardobellavia.com.ar\/index.php?rest_route=\/wp\/v2\/types\/product"}],"version-history":[{"count":4,"href":"https:\/\/eduardobellavia.com.ar\/index.php?rest_route=\/wp\/v2\/product\/153\/revisions"}],"predecessor-version":[{"id":5875,"href":"https:\/\/eduardobellavia.com.ar\/index.php?rest_route=\/wp\/v2\/product\/153\/revisions\/5875"}],"wp:featuredmedia":[{"embeddable":true,"href":"https:\/\/eduardobellavia.com.ar\/index.php?rest_route=\/wp\/v2\/media\/5878"}],"wp:attachment":[{"href":"https:\/\/eduardobellavia.com.ar\/index.php?rest_route=%2Fwp%2Fv2%2Fmedia&parent=153"}],"wp:term":[{"taxonomy":"product_brand","embeddable":true,"href":"https:\/\/eduardobellavia.com.ar\/index.php?rest_route=%2Fwp%2Fv2%2Fproduct_brand&post=153"},{"taxonomy":"product_cat","embeddable":true,"href":"https:\/\/eduardobellavia.com.ar\/index.php?rest_route=%2Fwp%2Fv2%2Fproduct_cat&post=153"},{"taxonomy":"product_tag","embeddable":true,"href":"https:\/\/eduardobellavia.com.ar\/index.php?rest_route=%2Fwp%2Fv2%2Fproduct_tag&post=153"}],"curies":[{"name":"wp","href":"https:\/\/api.w.org\/{rel}","templated":true}]}}