{"id":137,"date":"2016-08-01T13:06:22","date_gmt":"2016-08-01T16:06:22","guid":{"rendered":"http:\/\/eduardobellavia.com.ar\/?post_type=product&#038;p=137"},"modified":"2025-02-11T15:08:08","modified_gmt":"2025-02-11T18:08:08","slug":"lavadora-hidrovac-ac602","status":"publish","type":"product","link":"https:\/\/eduardobellavia.com.ar\/?product=lavadora-hidrovac-ac602","title":{"rendered":"Lavadora de Alfombras y Tapizaods Hidrovac AC602"},"content":{"rendered":"<p><strong>Caracter\u00edsticas T\u00e9cnicas<\/strong><\/p>\n<p>Motor: 2 x 1000 w \/ 2000W<\/p>\n<p>Succi\u00f3n cerrada: 2200 mm3 columna al agua<\/p>\n<p>Caudal: 5.4 m3\/m<\/p>\n<p>Tanque de recolecci\u00f3n: 60\u00a0lts<\/p>\n<p>Bomba: 3\u00a0bar mec\u00e1nica<\/p>\n<p>Tanque de soluci\u00f3n: 15\u00a0lts \/ externo<\/p>\n<p>Cable: 10 mt<\/p>\n<p>Voltaje: 220 v<\/p>\n<p><strong>Incluye barral para alfombras\/pisos y manopla para tapizados<\/strong><\/p>\n","protected":false},"excerpt":{"rendered":"<p>Especialmente dise\u00f1ada para usos profesionales con tanque de producto de f\u00e1cil acceso, brindando excelentes prestaciones de calidad y uso. Por medio de del sistema de inyecci\u00f3n y extracci\u00f3n permite la posibilidad de un lavado eficiente y r\u00e1pido de todo tipo de superficies como: Alfombras, sillas, sillones, cortinas, tapizados y autom\u00f3viles. Dos motores a carbones para aspiraci\u00f3n, una bomba mec\u00e1nica para inyecci\u00f3n. Tanque de recolecci\u00f3n de acero, tanque de soluci\u00f3n externo de pl\u00e1stico. Para lavado de todo tipo de pisos, alfombras y tapizados.<\/p>\n","protected":false},"featured_media":5831,"template":"","meta":[],"product_brand":[],"product_cat":[61],"product_tag":[],"class_list":{"0":"post-137","1":"product","2":"type-product","3":"status-publish","4":"has-post-thumbnail","6":"product_cat-lavadoras-alfombras-secadoras","8":"first","9":"instock","10":"shipping-taxable","11":"product-type-simple"},"yoast_head":"<!-- This site is optimized with the Yoast SEO plugin v24.4 - https:\/\/yoast.com\/wordpress\/plugins\/seo\/ -->\n<title>Lavadora de Alfombras y Tapizaods Hidrovac AC602 - Eduardo Bellavia<\/title>\n<meta name=\"robots\" content=\"index, follow, max-snippet:-1, max-image-preview:large, max-video-preview:-1\" \/>\n<link rel=\"canonical\" href=\"https:\/\/eduardobellavia.com.ar\/?product=lavadora-hidrovac-ac602\" \/>\n<meta property=\"og:locale\" content=\"es_ES\" \/>\n<meta property=\"og:type\" content=\"article\" \/>\n<meta property=\"og:title\" content=\"Lavadora de Alfombras y Tapizaods Hidrovac AC602 - Eduardo Bellavia\" \/>\n<meta property=\"og:description\" content=\"Especialmente dise\u00f1ada para usos profesionales con tanque de producto de f\u00e1cil acceso, brindando excelentes prestaciones de calidad y uso. Por medio de del sistema de inyecci\u00f3n y extracci\u00f3n permite la posibilidad de un lavado eficiente y r\u00e1pido de todo tipo de superficies como: Alfombras, sillas, sillones, cortinas, tapizados y autom\u00f3viles. Dos motores a carbones para aspiraci\u00f3n, una bomba mec\u00e1nica para inyecci\u00f3n. Tanque de recolecci\u00f3n de acero, tanque de soluci\u00f3n externo de pl\u00e1stico. Para lavado de todo tipo de pisos, alfombras y tapizados.\" \/>\n<meta property=\"og:url\" content=\"https:\/\/eduardobellavia.com.ar\/?product=lavadora-hidrovac-ac602\" \/>\n<meta property=\"og:site_name\" content=\"Eduardo Bellavia\" \/>\n<meta property=\"article:publisher\" content=\"https:\/\/www.facebook.com\/eduardobellavia.ar\" \/>\n<meta property=\"article:modified_time\" content=\"2025-02-11T18:08:08+00:00\" \/>\n<meta property=\"og:image\" content=\"https:\/\/eduardobellavia.com.ar\/wp-content\/uploads\/2016\/08\/Lavadora_Alfombras_Hydrovac_AC602.jpg\" \/>\n\t<meta property=\"og:image:width\" content=\"1024\" \/>\n\t<meta property=\"og:image:height\" content=\"1024\" \/>\n\t<meta property=\"og:image:type\" content=\"image\/jpeg\" \/>\n<meta name=\"twitter:card\" content=\"summary_large_image\" \/>\n<meta name=\"twitter:label1\" content=\"Tiempo de lectura\" \/>\n\t<meta name=\"twitter:data1\" content=\"1 minuto\" \/>\n<script type=\"application\/ld+json\" class=\"yoast-schema-graph\">{\"@context\":\"https:\/\/schema.org\",\"@graph\":[{\"@type\":\"WebPage\",\"@id\":\"https:\/\/eduardobellavia.com.ar\/?product=lavadora-hidrovac-ac602\",\"url\":\"https:\/\/eduardobellavia.com.ar\/?product=lavadora-hidrovac-ac602\",\"name\":\"Lavadora de Alfombras y Tapizaods Hidrovac AC602 - Eduardo Bellavia\",\"isPartOf\":{\"@id\":\"https:\/\/eduardobellavia.com.ar\/#website\"},\"primaryImageOfPage\":{\"@id\":\"https:\/\/eduardobellavia.com.ar\/?product=lavadora-hidrovac-ac602#primaryimage\"},\"image\":{\"@id\":\"https:\/\/eduardobellavia.com.ar\/?product=lavadora-hidrovac-ac602#primaryimage\"},\"thumbnailUrl\":\"https:\/\/eduardobellavia.com.ar\/wp-content\/uploads\/2016\/08\/Lavadora_Alfombras_Hydrovac_AC602.jpg\",\"datePublished\":\"2016-08-01T16:06:22+00:00\",\"dateModified\":\"2025-02-11T18:08:08+00:00\",\"breadcrumb\":{\"@id\":\"https:\/\/eduardobellavia.com.ar\/?product=lavadora-hidrovac-ac602#breadcrumb\"},\"inLanguage\":\"es-AR\",\"potentialAction\":[{\"@type\":\"ReadAction\",\"target\":[\"https:\/\/eduardobellavia.com.ar\/?product=lavadora-hidrovac-ac602\"]}]},{\"@type\":\"ImageObject\",\"inLanguage\":\"es-AR\",\"@id\":\"https:\/\/eduardobellavia.com.ar\/?product=lavadora-hidrovac-ac602#primaryimage\",\"url\":\"https:\/\/eduardobellavia.com.ar\/wp-content\/uploads\/2016\/08\/Lavadora_Alfombras_Hydrovac_AC602.jpg\",\"contentUrl\":\"https:\/\/eduardobellavia.com.ar\/wp-content\/uploads\/2016\/08\/Lavadora_Alfombras_Hydrovac_AC602.jpg\",\"width\":1024,\"height\":1024},{\"@type\":\"BreadcrumbList\",\"@id\":\"https:\/\/eduardobellavia.com.ar\/?product=lavadora-hidrovac-ac602#breadcrumb\",\"itemListElement\":[{\"@type\":\"ListItem\",\"position\":1,\"name\":\"Inicio\",\"item\":\"https:\/\/eduardobellavia.com.ar\/\"},{\"@type\":\"ListItem\",\"position\":2,\"name\":\"Shop\",\"item\":\"https:\/\/eduardobellavia.com.ar\/?page_id=23\"},{\"@type\":\"ListItem\",\"position\":3,\"name\":\"Lavadora de Alfombras y Tapizaods Hidrovac AC602\"}]},{\"@type\":\"WebSite\",\"@id\":\"https:\/\/eduardobellavia.com.ar\/#website\",\"url\":\"https:\/\/eduardobellavia.com.ar\/\",\"name\":\"Eduardo Bellavia\",\"description\":\"Equipamiento de Limpieza\",\"publisher\":{\"@id\":\"https:\/\/eduardobellavia.com.ar\/#organization\"},\"potentialAction\":[{\"@type\":\"SearchAction\",\"target\":{\"@type\":\"EntryPoint\",\"urlTemplate\":\"https:\/\/eduardobellavia.com.ar\/?s={search_term_string}\"},\"query-input\":{\"@type\":\"PropertyValueSpecification\",\"valueRequired\":true,\"valueName\":\"search_term_string\"}}],\"inLanguage\":\"es-AR\"},{\"@type\":\"Organization\",\"@id\":\"https:\/\/eduardobellavia.com.ar\/#organization\",\"name\":\"Eduardo Bellavia\",\"url\":\"https:\/\/eduardobellavia.com.ar\/\",\"logo\":{\"@type\":\"ImageObject\",\"inLanguage\":\"es-AR\",\"@id\":\"https:\/\/eduardobellavia.com.ar\/#\/schema\/logo\/image\/\",\"url\":\"https:\/\/eduardobellavia.com.ar\/wp-content\/uploads\/2016\/07\/LogoE.jpg\",\"contentUrl\":\"https:\/\/eduardobellavia.com.ar\/wp-content\/uploads\/2016\/07\/LogoE.jpg\",\"width\":300,\"height\":104,\"caption\":\"Eduardo Bellavia\"},\"image\":{\"@id\":\"https:\/\/eduardobellavia.com.ar\/#\/schema\/logo\/image\/\"},\"sameAs\":[\"https:\/\/www.facebook.com\/eduardobellavia.ar\"]}]}<\/script>\n<!-- \/ Yoast SEO plugin. -->","yoast_head_json":{"title":"Lavadora de Alfombras y Tapizaods Hidrovac AC602 - Eduardo Bellavia","robots":{"index":"index","follow":"follow","max-snippet":"max-snippet:-1","max-image-preview":"max-image-preview:large","max-video-preview":"max-video-preview:-1"},"canonical":"https:\/\/eduardobellavia.com.ar\/?product=lavadora-hidrovac-ac602","og_locale":"es_ES","og_type":"article","og_title":"Lavadora de Alfombras y Tapizaods Hidrovac AC602 - Eduardo Bellavia","og_description":"Especialmente dise\u00f1ada para usos profesionales con tanque de producto de f\u00e1cil acceso, brindando excelentes prestaciones de calidad y uso. Por medio de del sistema de inyecci\u00f3n y extracci\u00f3n permite la posibilidad de un lavado eficiente y r\u00e1pido de todo tipo de superficies como: Alfombras, sillas, sillones, cortinas, tapizados y autom\u00f3viles. Dos motores a carbones para aspiraci\u00f3n, una bomba mec\u00e1nica para inyecci\u00f3n. Tanque de recolecci\u00f3n de acero, tanque de soluci\u00f3n externo de pl\u00e1stico. Para lavado de todo tipo de pisos, alfombras y tapizados.","og_url":"https:\/\/eduardobellavia.com.ar\/?product=lavadora-hidrovac-ac602","og_site_name":"Eduardo Bellavia","article_publisher":"https:\/\/www.facebook.com\/eduardobellavia.ar","article_modified_time":"2025-02-11T18:08:08+00:00","og_image":[{"width":1024,"height":1024,"url":"https:\/\/eduardobellavia.com.ar\/wp-content\/uploads\/2016\/08\/Lavadora_Alfombras_Hydrovac_AC602.jpg","type":"image\/jpeg"}],"twitter_card":"summary_large_image","twitter_misc":{"Tiempo de lectura":"1 minuto"},"schema":{"@context":"https:\/\/schema.org","@graph":[{"@type":"WebPage","@id":"https:\/\/eduardobellavia.com.ar\/?product=lavadora-hidrovac-ac602","url":"https:\/\/eduardobellavia.com.ar\/?product=lavadora-hidrovac-ac602","name":"Lavadora de Alfombras y Tapizaods Hidrovac AC602 - Eduardo Bellavia","isPartOf":{"@id":"https:\/\/eduardobellavia.com.ar\/#website"},"primaryImageOfPage":{"@id":"https:\/\/eduardobellavia.com.ar\/?product=lavadora-hidrovac-ac602#primaryimage"},"image":{"@id":"https:\/\/eduardobellavia.com.ar\/?product=lavadora-hidrovac-ac602#primaryimage"},"thumbnailUrl":"https:\/\/eduardobellavia.com.ar\/wp-content\/uploads\/2016\/08\/Lavadora_Alfombras_Hydrovac_AC602.jpg","datePublished":"2016-08-01T16:06:22+00:00","dateModified":"2025-02-11T18:08:08+00:00","breadcrumb":{"@id":"https:\/\/eduardobellavia.com.ar\/?product=lavadora-hidrovac-ac602#breadcrumb"},"inLanguage":"es-AR","potentialAction":[{"@type":"ReadAction","target":["https:\/\/eduardobellavia.com.ar\/?product=lavadora-hidrovac-ac602"]}]},{"@type":"ImageObject","inLanguage":"es-AR","@id":"https:\/\/eduardobellavia.com.ar\/?product=lavadora-hidrovac-ac602#primaryimage","url":"https:\/\/eduardobellavia.com.ar\/wp-content\/uploads\/2016\/08\/Lavadora_Alfombras_Hydrovac_AC602.jpg","contentUrl":"https:\/\/eduardobellavia.com.ar\/wp-content\/uploads\/2016\/08\/Lavadora_Alfombras_Hydrovac_AC602.jpg","width":1024,"height":1024},{"@type":"BreadcrumbList","@id":"https:\/\/eduardobellavia.com.ar\/?product=lavadora-hidrovac-ac602#breadcrumb","itemListElement":[{"@type":"ListItem","position":1,"name":"Inicio","item":"https:\/\/eduardobellavia.com.ar\/"},{"@type":"ListItem","position":2,"name":"Shop","item":"https:\/\/eduardobellavia.com.ar\/?page_id=23"},{"@type":"ListItem","position":3,"name":"Lavadora de Alfombras y Tapizaods Hidrovac AC602"}]},{"@type":"WebSite","@id":"https:\/\/eduardobellavia.com.ar\/#website","url":"https:\/\/eduardobellavia.com.ar\/","name":"Eduardo Bellavia","description":"Equipamiento de Limpieza","publisher":{"@id":"https:\/\/eduardobellavia.com.ar\/#organization"},"potentialAction":[{"@type":"SearchAction","target":{"@type":"EntryPoint","urlTemplate":"https:\/\/eduardobellavia.com.ar\/?s={search_term_string}"},"query-input":{"@type":"PropertyValueSpecification","valueRequired":true,"valueName":"search_term_string"}}],"inLanguage":"es-AR"},{"@type":"Organization","@id":"https:\/\/eduardobellavia.com.ar\/#organization","name":"Eduardo Bellavia","url":"https:\/\/eduardobellavia.com.ar\/","logo":{"@type":"ImageObject","inLanguage":"es-AR","@id":"https:\/\/eduardobellavia.com.ar\/#\/schema\/logo\/image\/","url":"https:\/\/eduardobellavia.com.ar\/wp-content\/uploads\/2016\/07\/LogoE.jpg","contentUrl":"https:\/\/eduardobellavia.com.ar\/wp-content\/uploads\/2016\/07\/LogoE.jpg","width":300,"height":104,"caption":"Eduardo Bellavia"},"image":{"@id":"https:\/\/eduardobellavia.com.ar\/#\/schema\/logo\/image\/"},"sameAs":["https:\/\/www.facebook.com\/eduardobellavia.ar"]}]}},"_links":{"self":[{"href":"https:\/\/eduardobellavia.com.ar\/index.php?rest_route=\/wp\/v2\/product\/137","targetHints":{"allow":["GET"]}}],"collection":[{"href":"https:\/\/eduardobellavia.com.ar\/index.php?rest_route=\/wp\/v2\/product"}],"about":[{"href":"https:\/\/eduardobellavia.com.ar\/index.php?rest_route=\/wp\/v2\/types\/product"}],"version-history":[{"count":5,"href":"https:\/\/eduardobellavia.com.ar\/index.php?rest_route=\/wp\/v2\/product\/137\/revisions"}],"predecessor-version":[{"id":6015,"href":"https:\/\/eduardobellavia.com.ar\/index.php?rest_route=\/wp\/v2\/product\/137\/revisions\/6015"}],"wp:featuredmedia":[{"embeddable":true,"href":"https:\/\/eduardobellavia.com.ar\/index.php?rest_route=\/wp\/v2\/media\/5831"}],"wp:attachment":[{"href":"https:\/\/eduardobellavia.com.ar\/index.php?rest_route=%2Fwp%2Fv2%2Fmedia&parent=137"}],"wp:term":[{"taxonomy":"product_brand","embeddable":true,"href":"https:\/\/eduardobellavia.com.ar\/index.php?rest_route=%2Fwp%2Fv2%2Fproduct_brand&post=137"},{"taxonomy":"product_cat","embeddable":true,"href":"https:\/\/eduardobellavia.com.ar\/index.php?rest_route=%2Fwp%2Fv2%2Fproduct_cat&post=137"},{"taxonomy":"product_tag","embeddable":true,"href":"https:\/\/eduardobellavia.com.ar\/index.php?rest_route=%2Fwp%2Fv2%2Fproduct_tag&post=137"}],"curies":[{"name":"wp","href":"https:\/\/api.w.org\/{rel}","templated":true}]}}