{"id":132,"date":"2016-08-01T12:42:31","date_gmt":"2016-08-01T15:42:31","guid":{"rendered":"http:\/\/eduardobellavia.com.ar\/?post_type=product&#038;p=132"},"modified":"2025-01-22T16:30:31","modified_gmt":"2025-01-22T19:30:31","slug":"lavadora-genius-650","status":"publish","type":"product","link":"https:\/\/eduardobellavia.com.ar\/?product=lavadora-genius-650","title":{"rendered":"Lavadora de Alfombras y Tapizados Soteco Genius 650"},"content":{"rendered":"<p><strong>Caracter\u00edsticas T\u00e9cnicas<\/strong><\/p>\n<p>Motores: 2 x 1200W\/ 2400W<\/p>\n<p>Succi\u00f3n cerrada: 2300 mm3 columna al agua<\/p>\n<p>Caudal: 5.4 m3\/m<\/p>\n<p>Tanque de recolecci\u00f3n: 60\u00a0lts<\/p>\n<p>Bomba: 48W \/ 2.5 BAR con presostato de apagado<\/p>\n<p>Tanque de soluci\u00f3n: 25 lts \/ externo<\/p>\n<p>Cable: 10 mt<\/p>\n<p>Voltaje: 220 v<\/p>\n<p>&nbsp;<\/p>\n<p><strong>Incluye<\/strong>\u00a0como accesorios: Accesorio limpia tapizados de mano, accesorios de aspiraci\u00f3n de 38 mm, ca\u00f1os de extensi\u00f3n, manguera de 2,5 mts, pico chato y cepillo plumero<\/p>\n<p>Accesorio\u00a0<strong>Opcional<\/strong>: Barral Limpia Alfombras de un pico<\/p>\n","protected":false},"excerpt":{"rendered":"<p>Limpia Lava tapizados y alfombras modelo Genius 650 fabricada por Soteco spa Italia integrante del PC Group, especialmente dise\u00f1ada para uso industriales continuos brindando excelente prestaciones de calidad y uso. Por medio de su sistema de inyecci\u00f3n y extracci\u00f3n permite la posibilidad de un lavo eficiente y r\u00e1pido de tipo de superficies como: alfombras, sillas, sillones, asientos y alfombras de autom\u00f3viles.. Tanque de recolecci\u00f3n de acero, tanque de soluci\u00f3n externo de pl\u00e1stico.<\/p>\n","protected":false},"featured_media":5818,"template":"","meta":[],"product_brand":[],"product_cat":[61],"product_tag":[],"class_list":{"0":"post-132","1":"product","2":"type-product","3":"status-publish","4":"has-post-thumbnail","6":"product_cat-lavadoras-alfombras-secadoras","8":"first","9":"instock","10":"shipping-taxable","11":"product-type-simple"},"yoast_head":"<!-- This site is optimized with the Yoast SEO plugin v24.4 - https:\/\/yoast.com\/wordpress\/plugins\/seo\/ -->\n<title>Lavadora de Alfombras y Tapizados Soteco Genius 650 - Eduardo Bellavia<\/title>\n<meta name=\"robots\" content=\"index, follow, max-snippet:-1, max-image-preview:large, max-video-preview:-1\" \/>\n<link rel=\"canonical\" href=\"https:\/\/eduardobellavia.com.ar\/?product=lavadora-genius-650\" \/>\n<meta property=\"og:locale\" content=\"es_ES\" \/>\n<meta property=\"og:type\" content=\"article\" \/>\n<meta property=\"og:title\" content=\"Lavadora de Alfombras y Tapizados Soteco Genius 650 - Eduardo Bellavia\" \/>\n<meta property=\"og:description\" content=\"Limpia Lava tapizados y alfombras modelo Genius 650 fabricada por Soteco spa Italia integrante del PC Group, especialmente dise\u00f1ada para uso industriales continuos brindando excelente prestaciones de calidad y uso. Por medio de su sistema de inyecci\u00f3n y extracci\u00f3n permite la posibilidad de un lavo eficiente y r\u00e1pido de tipo de superficies como: alfombras, sillas, sillones, asientos y alfombras de autom\u00f3viles.. Tanque de recolecci\u00f3n de acero, tanque de soluci\u00f3n externo de pl\u00e1stico.\" \/>\n<meta property=\"og:url\" content=\"https:\/\/eduardobellavia.com.ar\/?product=lavadora-genius-650\" \/>\n<meta property=\"og:site_name\" content=\"Eduardo Bellavia\" \/>\n<meta property=\"article:publisher\" content=\"https:\/\/www.facebook.com\/eduardobellavia.ar\" \/>\n<meta property=\"article:modified_time\" content=\"2025-01-22T19:30:31+00:00\" \/>\n<meta property=\"og:image\" content=\"https:\/\/eduardobellavia.com.ar\/wp-content\/uploads\/2016\/08\/Lavadora_Alfombras_Genius_650.jpg\" \/>\n\t<meta property=\"og:image:width\" content=\"1024\" \/>\n\t<meta property=\"og:image:height\" content=\"1024\" \/>\n\t<meta property=\"og:image:type\" content=\"image\/jpeg\" \/>\n<meta name=\"twitter:card\" content=\"summary_large_image\" \/>\n<script type=\"application\/ld+json\" class=\"yoast-schema-graph\">{\"@context\":\"https:\/\/schema.org\",\"@graph\":[{\"@type\":\"WebPage\",\"@id\":\"https:\/\/eduardobellavia.com.ar\/?product=lavadora-genius-650\",\"url\":\"https:\/\/eduardobellavia.com.ar\/?product=lavadora-genius-650\",\"name\":\"Lavadora de Alfombras y Tapizados Soteco Genius 650 - Eduardo Bellavia\",\"isPartOf\":{\"@id\":\"https:\/\/eduardobellavia.com.ar\/#website\"},\"primaryImageOfPage\":{\"@id\":\"https:\/\/eduardobellavia.com.ar\/?product=lavadora-genius-650#primaryimage\"},\"image\":{\"@id\":\"https:\/\/eduardobellavia.com.ar\/?product=lavadora-genius-650#primaryimage\"},\"thumbnailUrl\":\"https:\/\/eduardobellavia.com.ar\/wp-content\/uploads\/2016\/08\/Lavadora_Alfombras_Genius_650.jpg\",\"datePublished\":\"2016-08-01T15:42:31+00:00\",\"dateModified\":\"2025-01-22T19:30:31+00:00\",\"breadcrumb\":{\"@id\":\"https:\/\/eduardobellavia.com.ar\/?product=lavadora-genius-650#breadcrumb\"},\"inLanguage\":\"es-AR\",\"potentialAction\":[{\"@type\":\"ReadAction\",\"target\":[\"https:\/\/eduardobellavia.com.ar\/?product=lavadora-genius-650\"]}]},{\"@type\":\"ImageObject\",\"inLanguage\":\"es-AR\",\"@id\":\"https:\/\/eduardobellavia.com.ar\/?product=lavadora-genius-650#primaryimage\",\"url\":\"https:\/\/eduardobellavia.com.ar\/wp-content\/uploads\/2016\/08\/Lavadora_Alfombras_Genius_650.jpg\",\"contentUrl\":\"https:\/\/eduardobellavia.com.ar\/wp-content\/uploads\/2016\/08\/Lavadora_Alfombras_Genius_650.jpg\",\"width\":1024,\"height\":1024},{\"@type\":\"BreadcrumbList\",\"@id\":\"https:\/\/eduardobellavia.com.ar\/?product=lavadora-genius-650#breadcrumb\",\"itemListElement\":[{\"@type\":\"ListItem\",\"position\":1,\"name\":\"Inicio\",\"item\":\"https:\/\/eduardobellavia.com.ar\/\"},{\"@type\":\"ListItem\",\"position\":2,\"name\":\"Shop\",\"item\":\"https:\/\/eduardobellavia.com.ar\/?page_id=23\"},{\"@type\":\"ListItem\",\"position\":3,\"name\":\"Lavadora de Alfombras y Tapizados Soteco Genius 650\"}]},{\"@type\":\"WebSite\",\"@id\":\"https:\/\/eduardobellavia.com.ar\/#website\",\"url\":\"https:\/\/eduardobellavia.com.ar\/\",\"name\":\"Eduardo Bellavia\",\"description\":\"Equipamiento de Limpieza\",\"publisher\":{\"@id\":\"https:\/\/eduardobellavia.com.ar\/#organization\"},\"potentialAction\":[{\"@type\":\"SearchAction\",\"target\":{\"@type\":\"EntryPoint\",\"urlTemplate\":\"https:\/\/eduardobellavia.com.ar\/?s={search_term_string}\"},\"query-input\":{\"@type\":\"PropertyValueSpecification\",\"valueRequired\":true,\"valueName\":\"search_term_string\"}}],\"inLanguage\":\"es-AR\"},{\"@type\":\"Organization\",\"@id\":\"https:\/\/eduardobellavia.com.ar\/#organization\",\"name\":\"Eduardo Bellavia\",\"url\":\"https:\/\/eduardobellavia.com.ar\/\",\"logo\":{\"@type\":\"ImageObject\",\"inLanguage\":\"es-AR\",\"@id\":\"https:\/\/eduardobellavia.com.ar\/#\/schema\/logo\/image\/\",\"url\":\"https:\/\/eduardobellavia.com.ar\/wp-content\/uploads\/2016\/07\/LogoE.jpg\",\"contentUrl\":\"https:\/\/eduardobellavia.com.ar\/wp-content\/uploads\/2016\/07\/LogoE.jpg\",\"width\":300,\"height\":104,\"caption\":\"Eduardo Bellavia\"},\"image\":{\"@id\":\"https:\/\/eduardobellavia.com.ar\/#\/schema\/logo\/image\/\"},\"sameAs\":[\"https:\/\/www.facebook.com\/eduardobellavia.ar\"]}]}<\/script>\n<!-- \/ Yoast SEO plugin. -->","yoast_head_json":{"title":"Lavadora de Alfombras y Tapizados Soteco Genius 650 - Eduardo Bellavia","robots":{"index":"index","follow":"follow","max-snippet":"max-snippet:-1","max-image-preview":"max-image-preview:large","max-video-preview":"max-video-preview:-1"},"canonical":"https:\/\/eduardobellavia.com.ar\/?product=lavadora-genius-650","og_locale":"es_ES","og_type":"article","og_title":"Lavadora de Alfombras y Tapizados Soteco Genius 650 - Eduardo Bellavia","og_description":"Limpia Lava tapizados y alfombras modelo Genius 650 fabricada por Soteco spa Italia integrante del PC Group, especialmente dise\u00f1ada para uso industriales continuos brindando excelente prestaciones de calidad y uso. Por medio de su sistema de inyecci\u00f3n y extracci\u00f3n permite la posibilidad de un lavo eficiente y r\u00e1pido de tipo de superficies como: alfombras, sillas, sillones, asientos y alfombras de autom\u00f3viles.. Tanque de recolecci\u00f3n de acero, tanque de soluci\u00f3n externo de pl\u00e1stico.","og_url":"https:\/\/eduardobellavia.com.ar\/?product=lavadora-genius-650","og_site_name":"Eduardo Bellavia","article_publisher":"https:\/\/www.facebook.com\/eduardobellavia.ar","article_modified_time":"2025-01-22T19:30:31+00:00","og_image":[{"width":1024,"height":1024,"url":"https:\/\/eduardobellavia.com.ar\/wp-content\/uploads\/2016\/08\/Lavadora_Alfombras_Genius_650.jpg","type":"image\/jpeg"}],"twitter_card":"summary_large_image","schema":{"@context":"https:\/\/schema.org","@graph":[{"@type":"WebPage","@id":"https:\/\/eduardobellavia.com.ar\/?product=lavadora-genius-650","url":"https:\/\/eduardobellavia.com.ar\/?product=lavadora-genius-650","name":"Lavadora de Alfombras y Tapizados Soteco Genius 650 - Eduardo Bellavia","isPartOf":{"@id":"https:\/\/eduardobellavia.com.ar\/#website"},"primaryImageOfPage":{"@id":"https:\/\/eduardobellavia.com.ar\/?product=lavadora-genius-650#primaryimage"},"image":{"@id":"https:\/\/eduardobellavia.com.ar\/?product=lavadora-genius-650#primaryimage"},"thumbnailUrl":"https:\/\/eduardobellavia.com.ar\/wp-content\/uploads\/2016\/08\/Lavadora_Alfombras_Genius_650.jpg","datePublished":"2016-08-01T15:42:31+00:00","dateModified":"2025-01-22T19:30:31+00:00","breadcrumb":{"@id":"https:\/\/eduardobellavia.com.ar\/?product=lavadora-genius-650#breadcrumb"},"inLanguage":"es-AR","potentialAction":[{"@type":"ReadAction","target":["https:\/\/eduardobellavia.com.ar\/?product=lavadora-genius-650"]}]},{"@type":"ImageObject","inLanguage":"es-AR","@id":"https:\/\/eduardobellavia.com.ar\/?product=lavadora-genius-650#primaryimage","url":"https:\/\/eduardobellavia.com.ar\/wp-content\/uploads\/2016\/08\/Lavadora_Alfombras_Genius_650.jpg","contentUrl":"https:\/\/eduardobellavia.com.ar\/wp-content\/uploads\/2016\/08\/Lavadora_Alfombras_Genius_650.jpg","width":1024,"height":1024},{"@type":"BreadcrumbList","@id":"https:\/\/eduardobellavia.com.ar\/?product=lavadora-genius-650#breadcrumb","itemListElement":[{"@type":"ListItem","position":1,"name":"Inicio","item":"https:\/\/eduardobellavia.com.ar\/"},{"@type":"ListItem","position":2,"name":"Shop","item":"https:\/\/eduardobellavia.com.ar\/?page_id=23"},{"@type":"ListItem","position":3,"name":"Lavadora de Alfombras y Tapizados Soteco Genius 650"}]},{"@type":"WebSite","@id":"https:\/\/eduardobellavia.com.ar\/#website","url":"https:\/\/eduardobellavia.com.ar\/","name":"Eduardo Bellavia","description":"Equipamiento de Limpieza","publisher":{"@id":"https:\/\/eduardobellavia.com.ar\/#organization"},"potentialAction":[{"@type":"SearchAction","target":{"@type":"EntryPoint","urlTemplate":"https:\/\/eduardobellavia.com.ar\/?s={search_term_string}"},"query-input":{"@type":"PropertyValueSpecification","valueRequired":true,"valueName":"search_term_string"}}],"inLanguage":"es-AR"},{"@type":"Organization","@id":"https:\/\/eduardobellavia.com.ar\/#organization","name":"Eduardo Bellavia","url":"https:\/\/eduardobellavia.com.ar\/","logo":{"@type":"ImageObject","inLanguage":"es-AR","@id":"https:\/\/eduardobellavia.com.ar\/#\/schema\/logo\/image\/","url":"https:\/\/eduardobellavia.com.ar\/wp-content\/uploads\/2016\/07\/LogoE.jpg","contentUrl":"https:\/\/eduardobellavia.com.ar\/wp-content\/uploads\/2016\/07\/LogoE.jpg","width":300,"height":104,"caption":"Eduardo Bellavia"},"image":{"@id":"https:\/\/eduardobellavia.com.ar\/#\/schema\/logo\/image\/"},"sameAs":["https:\/\/www.facebook.com\/eduardobellavia.ar"]}]}},"_links":{"self":[{"href":"https:\/\/eduardobellavia.com.ar\/index.php?rest_route=\/wp\/v2\/product\/132","targetHints":{"allow":["GET"]}}],"collection":[{"href":"https:\/\/eduardobellavia.com.ar\/index.php?rest_route=\/wp\/v2\/product"}],"about":[{"href":"https:\/\/eduardobellavia.com.ar\/index.php?rest_route=\/wp\/v2\/types\/product"}],"version-history":[{"count":5,"href":"https:\/\/eduardobellavia.com.ar\/index.php?rest_route=\/wp\/v2\/product\/132\/revisions"}],"predecessor-version":[{"id":5857,"href":"https:\/\/eduardobellavia.com.ar\/index.php?rest_route=\/wp\/v2\/product\/132\/revisions\/5857"}],"wp:featuredmedia":[{"embeddable":true,"href":"https:\/\/eduardobellavia.com.ar\/index.php?rest_route=\/wp\/v2\/media\/5818"}],"wp:attachment":[{"href":"https:\/\/eduardobellavia.com.ar\/index.php?rest_route=%2Fwp%2Fv2%2Fmedia&parent=132"}],"wp:term":[{"taxonomy":"product_brand","embeddable":true,"href":"https:\/\/eduardobellavia.com.ar\/index.php?rest_route=%2Fwp%2Fv2%2Fproduct_brand&post=132"},{"taxonomy":"product_cat","embeddable":true,"href":"https:\/\/eduardobellavia.com.ar\/index.php?rest_route=%2Fwp%2Fv2%2Fproduct_cat&post=132"},{"taxonomy":"product_tag","embeddable":true,"href":"https:\/\/eduardobellavia.com.ar\/index.php?rest_route=%2Fwp%2Fv2%2Fproduct_tag&post=132"}],"curies":[{"name":"wp","href":"https:\/\/api.w.org\/{rel}","templated":true}]}}